{"id":28808,"date":"2021-05-03T12:58:38","date_gmt":"2021-05-03T17:58:38","guid":{"rendered":"https:\/\/www.iso-ce.com\/produit\/jetter-kj-3100-w-o-reel\/"},"modified":"2024-12-03T08:59:57","modified_gmt":"2024-12-03T13:59:57","slug":"jetter-kj-3100-w-o-reel","status":"publish","type":"product","link":"https:\/\/www.iso-ce.com\/en\/product\/jetter-kj-3100-w-o-reel\/","title":{"rendered":"JETTER, KJ-3100 W\/O REEL"},"content":{"rendered":"<h2>Caract\u00e9ristiques<\/h2>\n<ul class=\"bullet\">\n<li><b>Puissant <\/b>&#8211; Pression de 3000psi pour un travail optimal<\/li>\n<li><b>Boyaux l\u00e9ger<\/b>&#8211; Boyaux en nylon tr\u00e8s l\u00e9ger sans r\u00e9duire de puissance<\/li>\n<\/ul>\n","protected":false},"excerpt":{"rendered":"<p>Jet d&#8217;eau portative ayant une pression de travail de 205 bars (3000 psi) pour travaux industriels. Tuyaux souple et facile \u00e0 manier pour supprimer tout type de salet\u00e9. En retirant le nettoyeur du tuyau, il gratte les parois de la canalisation et leur redonne leurs habilet\u00e9s d&#8217;\u00e9coulement sans produits chimiques dangereux.<\/p>\n","protected":false},"featured_media":15777,"template":"","meta":{"site-sidebar-layout":"default","site-content-layout":"","ast-site-content-layout":"","site-content-style":"default","site-sidebar-style":"default","ast-global-header-display":"","ast-banner-title-visibility":"","ast-main-header-display":"","ast-hfb-above-header-display":"","ast-hfb-below-header-display":"","ast-hfb-mobile-header-display":"","site-post-title":"","ast-breadcrumbs-content":"","ast-featured-img":"","footer-sml-layout":"","theme-transparent-header-meta":"","adv-header-id-meta":"","stick-header-meta":"","header-above-stick-meta":"","header-main-stick-meta":"","header-below-stick-meta":"","astra-migrate-meta-layouts":"default","ast-page-background-enabled":"default","ast-page-background-meta":{"desktop":{"background-color":"","background-image":"","background-repeat":"repeat","background-position":"center center","background-size":"auto","background-attachment":"scroll","background-type":"","background-media":"","overlay-type":"","overlay-color":"","overlay-opacity":"","overlay-gradient":""},"tablet":{"background-color":"","background-image":"","background-repeat":"repeat","background-position":"center center","background-size":"auto","background-attachment":"scroll","background-type":"","background-media":"","overlay-type":"","overlay-color":"","overlay-opacity":"","overlay-gradient":""},"mobile":{"background-color":"","background-image":"","background-repeat":"repeat","background-position":"center center","background-size":"auto","background-attachment":"scroll","background-type":"","background-media":"","overlay-type":"","overlay-color":"","overlay-opacity":"","overlay-gradient":""}},"ast-content-background-meta":{"desktop":{"background-color":"var(--ast-global-color-5)","background-image":"","background-repeat":"repeat","background-position":"center center","background-size":"auto","background-attachment":"scroll","background-type":"","background-media":"","overlay-type":"","overlay-color":"","overlay-opacity":"","overlay-gradient":""},"tablet":{"background-color":"var(--ast-global-color-5)","background-image":"","background-repeat":"repeat","background-position":"center center","background-size":"auto","background-attachment":"scroll","background-type":"","background-media":"","overlay-type":"","overlay-color":"","overlay-opacity":"","overlay-gradient":""},"mobile":{"background-color":"var(--ast-global-color-5)","background-image":"","background-repeat":"repeat","background-position":"center center","background-size":"auto","background-attachment":"scroll","background-type":"","background-media":"","overlay-type":"","overlay-color":"","overlay-opacity":"","overlay-gradient":""}}},"product_brand":[],"product_cat":[1378,2676],"product_tag":[],"class_list":{"0":"post-28808","1":"product","2":"type-product","3":"status-publish","4":"has-post-thumbnail","6":"product_cat-hydrocureuses","7":"product_cat-ridgid","8":"desktop-align-center","9":"tablet-align-center","10":"mobile-align-center","11":"ast-product-gallery-layout-horizontal","12":"ast-product-gallery-with-no-image","13":"ast-product-tabs-layout-horizontal","15":"first","16":"instock","17":"sale","18":"taxable","19":"shipping-taxable","20":"purchasable","21":"product-type-simple"},"yoast_head":"<!-- This site is optimized with the Yoast SEO plugin v27.6 - https:\/\/yoast.com\/product\/yoast-seo-wordpress\/ -->\n<title>JETTER, KJ-3100 W\/O REEL - ISO-CE inc.<\/title>\n<meta name=\"description\" content=\"Jet d&#039;eau portative ayant une pression de travail de 205 bars (3000 psi) pour travaux industriels. Tuyaux souple et facile \u00e0 manier pour supprimer tout type de salet\u00e9. En retirant le nettoyeur du tuyau, il gratte les parois de la canalisation et leur redonne leurs habilet\u00e9s d&#039;\u00e9coulement sans produits chimiques dangereux.\" \/>\n<meta name=\"robots\" content=\"index, follow, max-snippet:-1, max-image-preview:large, max-video-preview:-1\" \/>\n<link rel=\"canonical\" href=\"https:\/\/www.iso-ce.com\/produit\/jetter-kj-3100-w-o-reel\/\" \/>\n<meta property=\"og:locale\" content=\"en_US\" \/>\n<meta property=\"og:type\" content=\"article\" \/>\n<meta property=\"og:title\" content=\"JETTER, KJ-3100 W\/O REEL - ISO-CE inc.\" \/>\n<meta property=\"og:description\" content=\"Jet d&#039;eau portative ayant une pression de travail de 205 bars (3000 psi) pour travaux industriels. Tuyaux souple et facile \u00e0 manier pour supprimer tout type de salet\u00e9. En retirant le nettoyeur du tuyau, il gratte les parois de la canalisation et leur redonne leurs habilet\u00e9s d&#039;\u00e9coulement sans produits chimiques dangereux.\" \/>\n<meta property=\"og:url\" content=\"https:\/\/www.iso-ce.com\/produit\/jetter-kj-3100-w-o-reel\/\" \/>\n<meta property=\"og:site_name\" content=\"ISO-CE inc.\" \/>\n<meta property=\"article:publisher\" content=\"https:\/\/www.facebook.com\/pages\/ISO-cE\/1600971703559642\/\" \/>\n<meta property=\"article:modified_time\" content=\"2024-12-03T13:59:57+00:00\" \/>\n<meta property=\"og:image\" content=\"https:\/\/www.iso-ce.com\/wp-content\/uploads\/2021\/03\/KJ2200_1000px.jpg\" \/>\n\t<meta property=\"og:image:width\" content=\"1000\" \/>\n\t<meta property=\"og:image:height\" content=\"1000\" \/>\n\t<meta property=\"og:image:type\" content=\"image\/jpeg\" \/>\n<meta name=\"twitter:card\" content=\"summary_large_image\" \/>\n<meta name=\"twitter:label1\" content=\"Price\" \/>\n\t<meta name=\"twitter:data1\" content=\"8,892.37&#036;\" \/>\n\t<meta name=\"twitter:label2\" content=\"Availability\" \/>\n\t<meta name=\"twitter:data2\" content=\"In stock\" \/>\n<script type=\"application\/ld+json\" class=\"yoast-schema-graph\">{\"@context\":\"https:\\\/\\\/schema.org\",\"@graph\":[{\"@type\":\"WebPage\",\"@id\":\"https:\\\/\\\/www.iso-ce.com\\\/produit\\\/jetter-kj-3100-w-o-reel\\\/\",\"url\":\"https:\\\/\\\/www.iso-ce.com\\\/produit\\\/jetter-kj-3100-w-o-reel\\\/\",\"name\":\"JETTER, KJ-3100 W\\\/O REEL - ISO-CE inc.\",\"isPartOf\":{\"@id\":\"https:\\\/\\\/www.iso-ce.com\\\/#website\"},\"primaryImageOfPage\":{\"@id\":\"https:\\\/\\\/www.iso-ce.com\\\/produit\\\/jetter-kj-3100-w-o-reel\\\/#primaryimage\"},\"image\":{\"@id\":\"https:\\\/\\\/www.iso-ce.com\\\/produit\\\/jetter-kj-3100-w-o-reel\\\/#primaryimage\"},\"thumbnailUrl\":\"https:\\\/\\\/www.iso-ce.com\\\/wp-content\\\/uploads\\\/2021\\\/03\\\/KJ2200_1000px.jpg\",\"datePublished\":\"2021-05-03T17:58:38+00:00\",\"dateModified\":\"2024-12-03T13:59:57+00:00\",\"description\":\"Jet d'eau portative ayant une pression de travail de 205 bars (3000 psi) pour travaux industriels. Tuyaux souple et facile \u00e0 manier pour supprimer tout type de salet\u00e9. En retirant le nettoyeur du tuyau, il gratte les parois de la canalisation et leur redonne leurs habilet\u00e9s d'\u00e9coulement sans produits chimiques dangereux.\",\"breadcrumb\":{\"@id\":\"https:\\\/\\\/www.iso-ce.com\\\/produit\\\/jetter-kj-3100-w-o-reel\\\/#breadcrumb\"},\"inLanguage\":\"en-US\",\"potentialAction\":[{\"@type\":\"ReadAction\",\"target\":[\"https:\\\/\\\/www.iso-ce.com\\\/produit\\\/jetter-kj-3100-w-o-reel\\\/\"]}]},{\"@type\":\"ImageObject\",\"inLanguage\":\"en-US\",\"@id\":\"https:\\\/\\\/www.iso-ce.com\\\/produit\\\/jetter-kj-3100-w-o-reel\\\/#primaryimage\",\"url\":\"https:\\\/\\\/www.iso-ce.com\\\/wp-content\\\/uploads\\\/2021\\\/03\\\/KJ2200_1000px.jpg\",\"contentUrl\":\"https:\\\/\\\/www.iso-ce.com\\\/wp-content\\\/uploads\\\/2021\\\/03\\\/KJ2200_1000px.jpg\",\"width\":1000,\"height\":1000},{\"@type\":\"BreadcrumbList\",\"@id\":\"https:\\\/\\\/www.iso-ce.com\\\/produit\\\/jetter-kj-3100-w-o-reel\\\/#breadcrumb\",\"itemListElement\":[{\"@type\":\"ListItem\",\"position\":1,\"name\":\"Boutique RIDGID\",\"item\":\"https:\\\/\\\/www.iso-ce.com\\\/en\\\/home\\\/\"},{\"@type\":\"ListItem\",\"position\":2,\"name\":\"RIDGID Shop\",\"item\":\"https:\\\/\\\/www.iso-ce.com\\\/en\\\/shop-ridgid\\\/\"},{\"@type\":\"ListItem\",\"position\":3,\"name\":\"JETTER, KJ-3100 W\\\/O REEL\"}]},{\"@type\":\"WebSite\",\"@id\":\"https:\\\/\\\/www.iso-ce.com\\\/#website\",\"url\":\"https:\\\/\\\/www.iso-ce.com\\\/\",\"name\":\"ISO-CE inc.\",\"description\":\"Outillages Professionnels\",\"publisher\":{\"@id\":\"https:\\\/\\\/www.iso-ce.com\\\/#organization\"},\"potentialAction\":[{\"@type\":\"SearchAction\",\"target\":{\"@type\":\"EntryPoint\",\"urlTemplate\":\"https:\\\/\\\/www.iso-ce.com\\\/?s={search_term_string}\"},\"query-input\":{\"@type\":\"PropertyValueSpecification\",\"valueRequired\":true,\"valueName\":\"search_term_string\"}}],\"inLanguage\":\"en-US\"},{\"@type\":\"Organization\",\"@id\":\"https:\\\/\\\/www.iso-ce.com\\\/#organization\",\"name\":\"ISO-CE inc.\",\"url\":\"https:\\\/\\\/www.iso-ce.com\\\/\",\"logo\":{\"@type\":\"ImageObject\",\"inLanguage\":\"en-US\",\"@id\":\"https:\\\/\\\/www.iso-ce.com\\\/#\\\/schema\\\/logo\\\/image\\\/\",\"url\":\"https:\\\/\\\/www.iso-ce.com\\\/wp-content\\\/uploads\\\/2022\\\/06\\\/ISO-CE-outils-et-equi-CM-FR.jpg\",\"contentUrl\":\"https:\\\/\\\/www.iso-ce.com\\\/wp-content\\\/uploads\\\/2022\\\/06\\\/ISO-CE-outils-et-equi-CM-FR.jpg\",\"width\":420,\"height\":420,\"caption\":\"ISO-CE inc.\"},\"image\":{\"@id\":\"https:\\\/\\\/www.iso-ce.com\\\/#\\\/schema\\\/logo\\\/image\\\/\"},\"sameAs\":[\"https:\\\/\\\/www.facebook.com\\\/pages\\\/ISO-cE\\\/1600971703559642\\\/\"]}]}<\/script>\n<meta property=\"product:price:amount\" content=\"8892.37\" \/>\n<meta property=\"product:price:currency\" content=\"CAD\" \/>\n<meta property=\"og:availability\" content=\"instock\" \/>\n<meta property=\"product:availability\" content=\"instock\" \/>\n<meta property=\"product:retailer_item_id\" content=\"38808\" \/>\n<meta property=\"product:condition\" content=\"new\" \/>\n<!-- \/ Yoast SEO plugin. -->","yoast_head_json":{"title":"JETTER, KJ-3100 W\/O REEL - ISO-CE inc.","description":"Jet d'eau portative ayant une pression de travail de 205 bars (3000 psi) pour travaux industriels. Tuyaux souple et facile \u00e0 manier pour supprimer tout type de salet\u00e9. En retirant le nettoyeur du tuyau, il gratte les parois de la canalisation et leur redonne leurs habilet\u00e9s d'\u00e9coulement sans produits chimiques dangereux.","robots":{"index":"index","follow":"follow","max-snippet":"max-snippet:-1","max-image-preview":"max-image-preview:large","max-video-preview":"max-video-preview:-1"},"canonical":"https:\/\/www.iso-ce.com\/produit\/jetter-kj-3100-w-o-reel\/","og_locale":"en_US","og_type":"article","og_title":"JETTER, KJ-3100 W\/O REEL - ISO-CE inc.","og_description":"Jet d'eau portative ayant une pression de travail de 205 bars (3000 psi) pour travaux industriels. Tuyaux souple et facile \u00e0 manier pour supprimer tout type de salet\u00e9. En retirant le nettoyeur du tuyau, il gratte les parois de la canalisation et leur redonne leurs habilet\u00e9s d'\u00e9coulement sans produits chimiques dangereux.","og_url":"https:\/\/www.iso-ce.com\/produit\/jetter-kj-3100-w-o-reel\/","og_site_name":"ISO-CE inc.","article_publisher":"https:\/\/www.facebook.com\/pages\/ISO-cE\/1600971703559642\/","article_modified_time":"2024-12-03T13:59:57+00:00","og_image":[{"width":1000,"height":1000,"url":"https:\/\/www.iso-ce.com\/wp-content\/uploads\/2021\/03\/KJ2200_1000px.jpg","type":"image\/jpeg"}],"twitter_card":"summary_large_image","twitter_misc":{"Price":"8,892.37&#36;","Availability":"In stock"},"schema":{"@context":"https:\/\/schema.org","@graph":[{"@type":"WebPage","@id":"https:\/\/www.iso-ce.com\/produit\/jetter-kj-3100-w-o-reel\/","url":"https:\/\/www.iso-ce.com\/produit\/jetter-kj-3100-w-o-reel\/","name":"JETTER, KJ-3100 W\/O REEL - ISO-CE inc.","isPartOf":{"@id":"https:\/\/www.iso-ce.com\/#website"},"primaryImageOfPage":{"@id":"https:\/\/www.iso-ce.com\/produit\/jetter-kj-3100-w-o-reel\/#primaryimage"},"image":{"@id":"https:\/\/www.iso-ce.com\/produit\/jetter-kj-3100-w-o-reel\/#primaryimage"},"thumbnailUrl":"https:\/\/www.iso-ce.com\/wp-content\/uploads\/2021\/03\/KJ2200_1000px.jpg","datePublished":"2021-05-03T17:58:38+00:00","dateModified":"2024-12-03T13:59:57+00:00","description":"Jet d'eau portative ayant une pression de travail de 205 bars (3000 psi) pour travaux industriels. Tuyaux souple et facile \u00e0 manier pour supprimer tout type de salet\u00e9. En retirant le nettoyeur du tuyau, il gratte les parois de la canalisation et leur redonne leurs habilet\u00e9s d'\u00e9coulement sans produits chimiques dangereux.","breadcrumb":{"@id":"https:\/\/www.iso-ce.com\/produit\/jetter-kj-3100-w-o-reel\/#breadcrumb"},"inLanguage":"en-US","potentialAction":[{"@type":"ReadAction","target":["https:\/\/www.iso-ce.com\/produit\/jetter-kj-3100-w-o-reel\/"]}]},{"@type":"ImageObject","inLanguage":"en-US","@id":"https:\/\/www.iso-ce.com\/produit\/jetter-kj-3100-w-o-reel\/#primaryimage","url":"https:\/\/www.iso-ce.com\/wp-content\/uploads\/2021\/03\/KJ2200_1000px.jpg","contentUrl":"https:\/\/www.iso-ce.com\/wp-content\/uploads\/2021\/03\/KJ2200_1000px.jpg","width":1000,"height":1000},{"@type":"BreadcrumbList","@id":"https:\/\/www.iso-ce.com\/produit\/jetter-kj-3100-w-o-reel\/#breadcrumb","itemListElement":[{"@type":"ListItem","position":1,"name":"Boutique RIDGID","item":"https:\/\/www.iso-ce.com\/en\/home\/"},{"@type":"ListItem","position":2,"name":"RIDGID Shop","item":"https:\/\/www.iso-ce.com\/en\/shop-ridgid\/"},{"@type":"ListItem","position":3,"name":"JETTER, KJ-3100 W\/O REEL"}]},{"@type":"WebSite","@id":"https:\/\/www.iso-ce.com\/#website","url":"https:\/\/www.iso-ce.com\/","name":"ISO-CE inc.","description":"Outillages Professionnels","publisher":{"@id":"https:\/\/www.iso-ce.com\/#organization"},"potentialAction":[{"@type":"SearchAction","target":{"@type":"EntryPoint","urlTemplate":"https:\/\/www.iso-ce.com\/?s={search_term_string}"},"query-input":{"@type":"PropertyValueSpecification","valueRequired":true,"valueName":"search_term_string"}}],"inLanguage":"en-US"},{"@type":"Organization","@id":"https:\/\/www.iso-ce.com\/#organization","name":"ISO-CE inc.","url":"https:\/\/www.iso-ce.com\/","logo":{"@type":"ImageObject","inLanguage":"en-US","@id":"https:\/\/www.iso-ce.com\/#\/schema\/logo\/image\/","url":"https:\/\/www.iso-ce.com\/wp-content\/uploads\/2022\/06\/ISO-CE-outils-et-equi-CM-FR.jpg","contentUrl":"https:\/\/www.iso-ce.com\/wp-content\/uploads\/2022\/06\/ISO-CE-outils-et-equi-CM-FR.jpg","width":420,"height":420,"caption":"ISO-CE inc."},"image":{"@id":"https:\/\/www.iso-ce.com\/#\/schema\/logo\/image\/"},"sameAs":["https:\/\/www.facebook.com\/pages\/ISO-cE\/1600971703559642\/"]}]},"product_price_amount":"8892.37","product_price_currency":"CAD","og_availability":"instock","product_availability":"instock","product_retailer_item_id":"38808","product_condition":"new"},"_links":{"self":[{"href":"https:\/\/www.iso-ce.com\/en\/wp-json\/wp\/v2\/product\/28808","targetHints":{"allow":["GET"]}}],"collection":[{"href":"https:\/\/www.iso-ce.com\/en\/wp-json\/wp\/v2\/product"}],"about":[{"href":"https:\/\/www.iso-ce.com\/en\/wp-json\/wp\/v2\/types\/product"}],"wp:featuredmedia":[{"embeddable":true,"href":"https:\/\/www.iso-ce.com\/en\/wp-json\/wp\/v2\/media\/15777"}],"wp:attachment":[{"href":"https:\/\/www.iso-ce.com\/en\/wp-json\/wp\/v2\/media?parent=28808"}],"wp:term":[{"taxonomy":"product_brand","embeddable":true,"href":"https:\/\/www.iso-ce.com\/en\/wp-json\/wp\/v2\/product_brand?post=28808"},{"taxonomy":"product_cat","embeddable":true,"href":"https:\/\/www.iso-ce.com\/en\/wp-json\/wp\/v2\/product_cat?post=28808"},{"taxonomy":"product_tag","embeddable":true,"href":"https:\/\/www.iso-ce.com\/en\/wp-json\/wp\/v2\/product_tag?post=28808"}],"curies":[{"name":"wp","href":"https:\/\/api.w.org\/{rel}","templated":true}]}}