{"id":28279,"date":"2021-05-03T08:19:40","date_gmt":"2021-05-03T13:19:40","guid":{"rendered":"https:\/\/www.iso-ce.com\/?post_type=product&#038;p=28279"},"modified":"2024-12-03T08:55:27","modified_gmt":"2024-12-03T13:55:27","slug":"threading-mach300-cmpct-230v","status":"publish","type":"product","link":"https:\/\/www.iso-ce.com\/en\/product\/threading-mach300-cmpct-230v\/","title":{"rendered":"THREADING MACH,300 CMPCT 230V"},"content":{"rendered":"<p>THREADING MACH,300 CMPCT 230V<\/p>\n<h2>Caract\u00e9ristique<\/h2>\n<ul class=\"bullet\">\n<li>Performant<\/li>\n<li>L\u00e9ger<\/li>\n<li>Facile \u00e0 transporter<\/li>\n<li>Polyvalent<\/li>\n<li>Silencieux<\/li>\n<\/ul>\n<h2>Caract\u00e9ristique<\/h2>\n<ul>\n<li>Capacit\u00e9 du tube 1\/8&#8243; &#8211; 2&#8243; (3mm-50mm).<\/li>\n<li>Capacit\u00e9 de boulons 1\/4&#8243; &#8211; 2&#8243; (6mm-50mm).<\/li>\n<li>Commande du moteur Rotatif robuste de marche avant\/arr\u00eat\/arri\u00e8re et interrupteur au pied int\u00e9gr\u00e9.<\/li>\n<li>Mandrin de type marteau avec m\u00e2choires rempla\u00e7ables \u00e0 bascule.<\/li>\n<li>Syst\u00e8me de lubrification Par la t\u00eate, avec r\u00e9servoir d&#8217;huile int\u00e9gr\u00e9 et pompe gerotor auto-amor\u00e7ante \u00e0 d\u00e9bit constant.<\/li>\n<\/ul>\n","protected":false},"excerpt":{"rendered":"<p>Performant , l\u00e9ger et facile \u00e0 transporter le mod\u00e8le 300 est tout ce qu&#8217;il vous faut pour vos travaux de rainurage. En plus d&#8217;\u00eatre silencieux, il est tr\u00e8s polyvalent pour le filetage et le rainurage.<\/p>\n","protected":false},"featured_media":15789,"template":"","meta":{"site-sidebar-layout":"default","site-content-layout":"","ast-site-content-layout":"","site-content-style":"default","site-sidebar-style":"default","ast-global-header-display":"","ast-banner-title-visibility":"","ast-main-header-display":"","ast-hfb-above-header-display":"","ast-hfb-below-header-display":"","ast-hfb-mobile-header-display":"","site-post-title":"","ast-breadcrumbs-content":"","ast-featured-img":"","footer-sml-layout":"","theme-transparent-header-meta":"","adv-header-id-meta":"","stick-header-meta":"","header-above-stick-meta":"","header-main-stick-meta":"","header-below-stick-meta":"","astra-migrate-meta-layouts":"default","ast-page-background-enabled":"default","ast-page-background-meta":{"desktop":{"background-color":"","background-image":"","background-repeat":"repeat","background-position":"center center","background-size":"auto","background-attachment":"scroll","background-type":"","background-media":"","overlay-type":"","overlay-color":"","overlay-opacity":"","overlay-gradient":""},"tablet":{"background-color":"","background-image":"","background-repeat":"repeat","background-position":"center center","background-size":"auto","background-attachment":"scroll","background-type":"","background-media":"","overlay-type":"","overlay-color":"","overlay-opacity":"","overlay-gradient":""},"mobile":{"background-color":"","background-image":"","background-repeat":"repeat","background-position":"center center","background-size":"auto","background-attachment":"scroll","background-type":"","background-media":"","overlay-type":"","overlay-color":"","overlay-opacity":"","overlay-gradient":""}},"ast-content-background-meta":{"desktop":{"background-color":"var(--ast-global-color-5)","background-image":"","background-repeat":"repeat","background-position":"center center","background-size":"auto","background-attachment":"scroll","background-type":"","background-media":"","overlay-type":"","overlay-color":"","overlay-opacity":"","overlay-gradient":""},"tablet":{"background-color":"var(--ast-global-color-5)","background-image":"","background-repeat":"repeat","background-position":"center center","background-size":"auto","background-attachment":"scroll","background-type":"","background-media":"","overlay-type":"","overlay-color":"","overlay-opacity":"","overlay-gradient":""},"mobile":{"background-color":"var(--ast-global-color-5)","background-image":"","background-repeat":"repeat","background-position":"center center","background-size":"auto","background-attachment":"scroll","background-type":"","background-media":"","overlay-type":"","overlay-color":"","overlay-opacity":"","overlay-gradient":""}}},"product_brand":[],"product_cat":[1420,1426,2676],"product_tag":[],"class_list":{"0":"post-28279","1":"product","2":"type-product","3":"status-publish","4":"has-post-thumbnail","6":"product_cat-filetage","7":"product_cat-filetage-assiste-filetage","8":"product_cat-ridgid","9":"desktop-align-center","10":"tablet-align-center","11":"mobile-align-center","12":"ast-product-gallery-layout-horizontal","13":"ast-product-gallery-with-no-image","14":"ast-product-tabs-layout-horizontal","16":"first","17":"instock","18":"sale","19":"taxable","20":"shipping-taxable","21":"purchasable","22":"product-type-simple"},"yoast_head":"<!-- This site is optimized with the Yoast SEO plugin v27.6 - https:\/\/yoast.com\/product\/yoast-seo-wordpress\/ -->\n<title>THREADING MACH,300 CMPCT 230V - ISO-CE inc.<\/title>\n<meta name=\"description\" content=\"Performant , l\u00e9ger et facile \u00e0 transporter le mod\u00e8le 300 est tout ce qu&#039;il vous faut pour vos travaux de rainurage. En plus d&#039;\u00eatre silencieux, il est tr\u00e8s polyvalent pour le filetage et le rainurage.\" \/>\n<meta name=\"robots\" content=\"index, follow, max-snippet:-1, max-image-preview:large, max-video-preview:-1\" \/>\n<link rel=\"canonical\" href=\"https:\/\/www.iso-ce.com\/produit\/threading-mach300-cmpct-230v\/\" \/>\n<meta property=\"og:locale\" content=\"en_US\" \/>\n<meta property=\"og:type\" content=\"article\" \/>\n<meta property=\"og:title\" content=\"THREADING MACH,300 CMPCT 230V - ISO-CE inc.\" \/>\n<meta property=\"og:description\" content=\"Performant , l\u00e9ger et facile \u00e0 transporter le mod\u00e8le 300 est tout ce qu&#039;il vous faut pour vos travaux de rainurage. En plus d&#039;\u00eatre silencieux, il est tr\u00e8s polyvalent pour le filetage et le rainurage.\" \/>\n<meta property=\"og:url\" content=\"https:\/\/www.iso-ce.com\/produit\/threading-mach300-cmpct-230v\/\" \/>\n<meta property=\"og:site_name\" content=\"ISO-CE inc.\" \/>\n<meta property=\"article:publisher\" content=\"https:\/\/www.facebook.com\/pages\/ISO-cE\/1600971703559642\/\" \/>\n<meta property=\"article:modified_time\" content=\"2024-12-03T13:55:27+00:00\" \/>\n<meta property=\"og:image\" content=\"https:\/\/www.iso-ce.com\/wp-content\/uploads\/2021\/03\/66947.jpg\" \/>\n\t<meta property=\"og:image:width\" content=\"1000\" \/>\n\t<meta property=\"og:image:height\" content=\"1000\" \/>\n\t<meta property=\"og:image:type\" content=\"image\/jpeg\" \/>\n<meta name=\"twitter:card\" content=\"summary_large_image\" \/>\n<meta name=\"twitter:label1\" content=\"Price\" \/>\n\t<meta name=\"twitter:data1\" content=\"9,073.38&#036;\" \/>\n\t<meta name=\"twitter:label2\" content=\"Availability\" \/>\n\t<meta name=\"twitter:data2\" content=\"In stock\" \/>\n<script type=\"application\/ld+json\" class=\"yoast-schema-graph\">{\"@context\":\"https:\\\/\\\/schema.org\",\"@graph\":[{\"@type\":\"WebPage\",\"@id\":\"https:\\\/\\\/www.iso-ce.com\\\/produit\\\/threading-mach300-cmpct-230v\\\/\",\"url\":\"https:\\\/\\\/www.iso-ce.com\\\/produit\\\/threading-mach300-cmpct-230v\\\/\",\"name\":\"THREADING MACH,300 CMPCT 230V - ISO-CE inc.\",\"isPartOf\":{\"@id\":\"https:\\\/\\\/www.iso-ce.com\\\/#website\"},\"primaryImageOfPage\":{\"@id\":\"https:\\\/\\\/www.iso-ce.com\\\/produit\\\/threading-mach300-cmpct-230v\\\/#primaryimage\"},\"image\":{\"@id\":\"https:\\\/\\\/www.iso-ce.com\\\/produit\\\/threading-mach300-cmpct-230v\\\/#primaryimage\"},\"thumbnailUrl\":\"https:\\\/\\\/www.iso-ce.com\\\/wp-content\\\/uploads\\\/2021\\\/03\\\/66947.jpg\",\"datePublished\":\"2021-05-03T13:19:40+00:00\",\"dateModified\":\"2024-12-03T13:55:27+00:00\",\"description\":\"Performant , l\u00e9ger et facile \u00e0 transporter le mod\u00e8le 300 est tout ce qu'il vous faut pour vos travaux de rainurage. En plus d'\u00eatre silencieux, il est tr\u00e8s polyvalent pour le filetage et le rainurage.\",\"breadcrumb\":{\"@id\":\"https:\\\/\\\/www.iso-ce.com\\\/produit\\\/threading-mach300-cmpct-230v\\\/#breadcrumb\"},\"inLanguage\":\"en-US\",\"potentialAction\":[{\"@type\":\"ReadAction\",\"target\":[\"https:\\\/\\\/www.iso-ce.com\\\/produit\\\/threading-mach300-cmpct-230v\\\/\"]}]},{\"@type\":\"ImageObject\",\"inLanguage\":\"en-US\",\"@id\":\"https:\\\/\\\/www.iso-ce.com\\\/produit\\\/threading-mach300-cmpct-230v\\\/#primaryimage\",\"url\":\"https:\\\/\\\/www.iso-ce.com\\\/wp-content\\\/uploads\\\/2021\\\/03\\\/66947.jpg\",\"contentUrl\":\"https:\\\/\\\/www.iso-ce.com\\\/wp-content\\\/uploads\\\/2021\\\/03\\\/66947.jpg\",\"width\":1000,\"height\":1000},{\"@type\":\"BreadcrumbList\",\"@id\":\"https:\\\/\\\/www.iso-ce.com\\\/produit\\\/threading-mach300-cmpct-230v\\\/#breadcrumb\",\"itemListElement\":[{\"@type\":\"ListItem\",\"position\":1,\"name\":\"Boutique RIDGID\",\"item\":\"https:\\\/\\\/www.iso-ce.com\\\/en\\\/home\\\/\"},{\"@type\":\"ListItem\",\"position\":2,\"name\":\"RIDGID Shop\",\"item\":\"https:\\\/\\\/www.iso-ce.com\\\/en\\\/shop-ridgid\\\/\"},{\"@type\":\"ListItem\",\"position\":3,\"name\":\"THREADING MACH,300 CMPCT 230V\"}]},{\"@type\":\"WebSite\",\"@id\":\"https:\\\/\\\/www.iso-ce.com\\\/#website\",\"url\":\"https:\\\/\\\/www.iso-ce.com\\\/\",\"name\":\"ISO-CE inc.\",\"description\":\"Outillages Professionnels\",\"publisher\":{\"@id\":\"https:\\\/\\\/www.iso-ce.com\\\/#organization\"},\"potentialAction\":[{\"@type\":\"SearchAction\",\"target\":{\"@type\":\"EntryPoint\",\"urlTemplate\":\"https:\\\/\\\/www.iso-ce.com\\\/?s={search_term_string}\"},\"query-input\":{\"@type\":\"PropertyValueSpecification\",\"valueRequired\":true,\"valueName\":\"search_term_string\"}}],\"inLanguage\":\"en-US\"},{\"@type\":\"Organization\",\"@id\":\"https:\\\/\\\/www.iso-ce.com\\\/#organization\",\"name\":\"ISO-CE inc.\",\"url\":\"https:\\\/\\\/www.iso-ce.com\\\/\",\"logo\":{\"@type\":\"ImageObject\",\"inLanguage\":\"en-US\",\"@id\":\"https:\\\/\\\/www.iso-ce.com\\\/#\\\/schema\\\/logo\\\/image\\\/\",\"url\":\"https:\\\/\\\/www.iso-ce.com\\\/wp-content\\\/uploads\\\/2022\\\/06\\\/ISO-CE-outils-et-equi-CM-FR.jpg\",\"contentUrl\":\"https:\\\/\\\/www.iso-ce.com\\\/wp-content\\\/uploads\\\/2022\\\/06\\\/ISO-CE-outils-et-equi-CM-FR.jpg\",\"width\":420,\"height\":420,\"caption\":\"ISO-CE inc.\"},\"image\":{\"@id\":\"https:\\\/\\\/www.iso-ce.com\\\/#\\\/schema\\\/logo\\\/image\\\/\"},\"sameAs\":[\"https:\\\/\\\/www.facebook.com\\\/pages\\\/ISO-cE\\\/1600971703559642\\\/\"]}]}<\/script>\n<meta property=\"product:price:amount\" content=\"9073.38\" \/>\n<meta property=\"product:price:currency\" content=\"CAD\" \/>\n<meta property=\"og:availability\" content=\"instock\" \/>\n<meta property=\"product:availability\" content=\"instock\" \/>\n<meta property=\"product:retailer_item_id\" content=\"29878\" \/>\n<meta property=\"product:condition\" content=\"new\" \/>\n<!-- \/ Yoast SEO plugin. -->","yoast_head_json":{"title":"THREADING MACH,300 CMPCT 230V - ISO-CE inc.","description":"Performant , l\u00e9ger et facile \u00e0 transporter le mod\u00e8le 300 est tout ce qu'il vous faut pour vos travaux de rainurage. En plus d'\u00eatre silencieux, il est tr\u00e8s polyvalent pour le filetage et le rainurage.","robots":{"index":"index","follow":"follow","max-snippet":"max-snippet:-1","max-image-preview":"max-image-preview:large","max-video-preview":"max-video-preview:-1"},"canonical":"https:\/\/www.iso-ce.com\/produit\/threading-mach300-cmpct-230v\/","og_locale":"en_US","og_type":"article","og_title":"THREADING MACH,300 CMPCT 230V - ISO-CE inc.","og_description":"Performant , l\u00e9ger et facile \u00e0 transporter le mod\u00e8le 300 est tout ce qu'il vous faut pour vos travaux de rainurage. En plus d'\u00eatre silencieux, il est tr\u00e8s polyvalent pour le filetage et le rainurage.","og_url":"https:\/\/www.iso-ce.com\/produit\/threading-mach300-cmpct-230v\/","og_site_name":"ISO-CE inc.","article_publisher":"https:\/\/www.facebook.com\/pages\/ISO-cE\/1600971703559642\/","article_modified_time":"2024-12-03T13:55:27+00:00","og_image":[{"width":1000,"height":1000,"url":"https:\/\/www.iso-ce.com\/wp-content\/uploads\/2021\/03\/66947.jpg","type":"image\/jpeg"}],"twitter_card":"summary_large_image","twitter_misc":{"Price":"9,073.38&#36;","Availability":"In stock"},"schema":{"@context":"https:\/\/schema.org","@graph":[{"@type":"WebPage","@id":"https:\/\/www.iso-ce.com\/produit\/threading-mach300-cmpct-230v\/","url":"https:\/\/www.iso-ce.com\/produit\/threading-mach300-cmpct-230v\/","name":"THREADING MACH,300 CMPCT 230V - ISO-CE inc.","isPartOf":{"@id":"https:\/\/www.iso-ce.com\/#website"},"primaryImageOfPage":{"@id":"https:\/\/www.iso-ce.com\/produit\/threading-mach300-cmpct-230v\/#primaryimage"},"image":{"@id":"https:\/\/www.iso-ce.com\/produit\/threading-mach300-cmpct-230v\/#primaryimage"},"thumbnailUrl":"https:\/\/www.iso-ce.com\/wp-content\/uploads\/2021\/03\/66947.jpg","datePublished":"2021-05-03T13:19:40+00:00","dateModified":"2024-12-03T13:55:27+00:00","description":"Performant , l\u00e9ger et facile \u00e0 transporter le mod\u00e8le 300 est tout ce qu'il vous faut pour vos travaux de rainurage. En plus d'\u00eatre silencieux, il est tr\u00e8s polyvalent pour le filetage et le rainurage.","breadcrumb":{"@id":"https:\/\/www.iso-ce.com\/produit\/threading-mach300-cmpct-230v\/#breadcrumb"},"inLanguage":"en-US","potentialAction":[{"@type":"ReadAction","target":["https:\/\/www.iso-ce.com\/produit\/threading-mach300-cmpct-230v\/"]}]},{"@type":"ImageObject","inLanguage":"en-US","@id":"https:\/\/www.iso-ce.com\/produit\/threading-mach300-cmpct-230v\/#primaryimage","url":"https:\/\/www.iso-ce.com\/wp-content\/uploads\/2021\/03\/66947.jpg","contentUrl":"https:\/\/www.iso-ce.com\/wp-content\/uploads\/2021\/03\/66947.jpg","width":1000,"height":1000},{"@type":"BreadcrumbList","@id":"https:\/\/www.iso-ce.com\/produit\/threading-mach300-cmpct-230v\/#breadcrumb","itemListElement":[{"@type":"ListItem","position":1,"name":"Boutique RIDGID","item":"https:\/\/www.iso-ce.com\/en\/home\/"},{"@type":"ListItem","position":2,"name":"RIDGID Shop","item":"https:\/\/www.iso-ce.com\/en\/shop-ridgid\/"},{"@type":"ListItem","position":3,"name":"THREADING MACH,300 CMPCT 230V"}]},{"@type":"WebSite","@id":"https:\/\/www.iso-ce.com\/#website","url":"https:\/\/www.iso-ce.com\/","name":"ISO-CE inc.","description":"Outillages Professionnels","publisher":{"@id":"https:\/\/www.iso-ce.com\/#organization"},"potentialAction":[{"@type":"SearchAction","target":{"@type":"EntryPoint","urlTemplate":"https:\/\/www.iso-ce.com\/?s={search_term_string}"},"query-input":{"@type":"PropertyValueSpecification","valueRequired":true,"valueName":"search_term_string"}}],"inLanguage":"en-US"},{"@type":"Organization","@id":"https:\/\/www.iso-ce.com\/#organization","name":"ISO-CE inc.","url":"https:\/\/www.iso-ce.com\/","logo":{"@type":"ImageObject","inLanguage":"en-US","@id":"https:\/\/www.iso-ce.com\/#\/schema\/logo\/image\/","url":"https:\/\/www.iso-ce.com\/wp-content\/uploads\/2022\/06\/ISO-CE-outils-et-equi-CM-FR.jpg","contentUrl":"https:\/\/www.iso-ce.com\/wp-content\/uploads\/2022\/06\/ISO-CE-outils-et-equi-CM-FR.jpg","width":420,"height":420,"caption":"ISO-CE inc."},"image":{"@id":"https:\/\/www.iso-ce.com\/#\/schema\/logo\/image\/"},"sameAs":["https:\/\/www.facebook.com\/pages\/ISO-cE\/1600971703559642\/"]}]},"product_price_amount":"9073.38","product_price_currency":"CAD","og_availability":"instock","product_availability":"instock","product_retailer_item_id":"29878","product_condition":"new"},"_links":{"self":[{"href":"https:\/\/www.iso-ce.com\/en\/wp-json\/wp\/v2\/product\/28279","targetHints":{"allow":["GET"]}}],"collection":[{"href":"https:\/\/www.iso-ce.com\/en\/wp-json\/wp\/v2\/product"}],"about":[{"href":"https:\/\/www.iso-ce.com\/en\/wp-json\/wp\/v2\/types\/product"}],"wp:featuredmedia":[{"embeddable":true,"href":"https:\/\/www.iso-ce.com\/en\/wp-json\/wp\/v2\/media\/15789"}],"wp:attachment":[{"href":"https:\/\/www.iso-ce.com\/en\/wp-json\/wp\/v2\/media?parent=28279"}],"wp:term":[{"taxonomy":"product_brand","embeddable":true,"href":"https:\/\/www.iso-ce.com\/en\/wp-json\/wp\/v2\/product_brand?post=28279"},{"taxonomy":"product_cat","embeddable":true,"href":"https:\/\/www.iso-ce.com\/en\/wp-json\/wp\/v2\/product_cat?post=28279"},{"taxonomy":"product_tag","embeddable":true,"href":"https:\/\/www.iso-ce.com\/en\/wp-json\/wp\/v2\/product_tag?post=28279"}],"curies":[{"name":"wp","href":"https:\/\/api.w.org\/{rel}","templated":true}]}}