{"id":28270,"date":"2021-05-03T08:19:34","date_gmt":"2021-05-03T13:19:34","guid":{"rendered":"https:\/\/www.iso-ce.com\/?post_type=product&#038;p=28270"},"modified":"2024-12-03T08:55:32","modified_gmt":"2024-12-03T13:55:32","slug":"threading-mach535a-110v-36rpm","status":"publish","type":"product","link":"https:\/\/www.iso-ce.com\/en\/product\/threading-mach535a-110v-36rpm\/","title":{"rendered":"THREADING MACH,535A 110V 36RPM"},"content":{"rendered":"<h2>Caract\u00e9ristiques<\/h2>\n<ul class=\"bullet\">\n<li>Mandarin automatis\u00e9.<\/li>\n<li>Grand r\u00e9servoir d&#8217;huile de 6,6 l (1,75 gallon).<\/li>\n<li>Grand bac \u00e0 copeaux.<\/li>\n<li>Grande surface pour garder outils et mat\u00e9riaux \u00e0 port\u00e9 de main<\/li>\n<li>Utilisable avec la fileteuse \u00e0 engrenage 141<\/li>\n<li>Utilise les t\u00eates de filetage semi-automatiques mod\u00e8le 816\/817, \u00e0 ouverture automatique mod\u00e8le 815A ou \u00e0 ouverture rapide mod\u00e8le 811A.<\/li>\n<li>R\u00e8gle de longueur pour coupe optimale.<\/li>\n<\/ul>\n<p class=\"marketingContent\"><strong>Caract\u00e9ristiques de l&#8217;armoire en acier<\/strong><\/p>\n<ul class=\"bullet\">\n<li>Assemblage soud\u00e9 en acier de calibre 17<\/li>\n<li>Deux \u00e9tag\u00e8res internes et 1 externe<\/li>\n<li>Porte \u00e0 deux volets avec fermoir en acier<\/li>\n<li>Rangement des c\u00e2bles d&#8217;alimentation de la p\u00e9dale de commande<\/li>\n<li>Nettoyage ais\u00e9 gr\u00e2ce aux bouchons.<\/li>\n<\/ul>\n<div class=\"content-section-customHtml\">\n<h2>Sp\u00e9cifications<\/h2>\n<ul>\n<li>Capacit\u00e9 du tube 1\/8&#8243;-2&#8243; (3 mm-50 mm) 2 1\/2&#8243;-4&#8243; (62 mm-100 mm) avec filetage 141.<\/li>\n<li>Capacit\u00e9 de boulons 1\/4&#8243;-2&#8243; (8 mm-50 mm).<\/li>\n<li>Commutateurs Marche avant\/arr\u00eat\/marche arri\u00e8re et interrupteur \u00e0 pied de s\u00e9curit\u00e9 int\u00e9gr\u00e9.<\/li>\n<li>Mandrin Automatique avec quatre mors forg\u00e9s r\u00e9versibles.<\/li>\n<li>Dispositif de centrage arri\u00e8re Automatique, centrage uniquement.<\/li>\n<li>Couteaux Auto-centrage, \u00e0 flottement int\u00e9gral. Deux mod\u00e8les disponibles :<\/li>\n<li>Mod\u00e8le 820 : coupeur \u00e0 molette, capacit\u00e9 de coupe de 6 \u00e0 50 mm pour les tuyaux et de 8 \u00e0 25 mm pour les boulons.<\/li>\n<li>Mod\u00e8le 821 : coupeur \u00e0 lame, capacit\u00e9 du tube 1\/2-2&#8221; (15-50 mm).<\/li>\n<li>Al\u00e9soir c\u00f4ne \u00e0 5 cannelures, RH, 1\/8&#8243;-2&#8243; (3 mm-50 mm).<\/li>\n<li>Pompe \u00e0 huile Pompe \u00e0 huile gerotor auto-amor\u00e7ante.<\/li>\n<li>Al\u00e9soir combin\u00e9 RH\/LH disponible.<\/li>\n<\/ul>\n<\/div>\n","protected":false},"excerpt":{"rendered":"<p>Le mod\u00e8le 535A conserve son r\u00f4le du pilier de l&#8217;efficacit\u00e9 de l&#8217;industrie tout en additionnant des caract\u00e9ristiques qui rendent les travaux de filetage plus optimaux. Pour un travail \u00e0 long terme sans interruption, le 535A est l&#8217;outil de pr\u00e9dilection gr\u00e2ce \u00e0 son grand bac \u00e0 copeaux et un r\u00e9servoir d&#8217;huile. Large surface sur\u00e9lev\u00e9e pour garder acc\u00e8s \u00e0 d&#8217;autre d&#8217;outils et mat\u00e9riaux. Con\u00e7ues pour offrir un temps d&#8217;utilisation maximal.<\/p>\n","protected":false},"featured_media":17142,"template":"","meta":{"site-sidebar-layout":"default","site-content-layout":"default","ast-site-content-layout":"","site-content-style":"default","site-sidebar-style":"default","ast-global-header-display":"","ast-banner-title-visibility":"","ast-main-header-display":"","ast-hfb-above-header-display":"","ast-hfb-below-header-display":"","ast-hfb-mobile-header-display":"","site-post-title":"","ast-breadcrumbs-content":"","ast-featured-img":"","footer-sml-layout":"","theme-transparent-header-meta":"default","adv-header-id-meta":"","stick-header-meta":"default","header-above-stick-meta":"","header-main-stick-meta":"","header-below-stick-meta":"","astra-migrate-meta-layouts":"default","ast-page-background-enabled":"default","ast-page-background-meta":{"desktop":{"background-color":"","background-image":"","background-repeat":"repeat","background-position":"center center","background-size":"auto","background-attachment":"scroll","background-type":"","background-media":"","overlay-type":"","overlay-color":"","overlay-opacity":"","overlay-gradient":""},"tablet":{"background-color":"","background-image":"","background-repeat":"repeat","background-position":"center center","background-size":"auto","background-attachment":"scroll","background-type":"","background-media":"","overlay-type":"","overlay-color":"","overlay-opacity":"","overlay-gradient":""},"mobile":{"background-color":"","background-image":"","background-repeat":"repeat","background-position":"center center","background-size":"auto","background-attachment":"scroll","background-type":"","background-media":"","overlay-type":"","overlay-color":"","overlay-opacity":"","overlay-gradient":""}},"ast-content-background-meta":{"desktop":{"background-color":"var(--ast-global-color-5)","background-image":"","background-repeat":"repeat","background-position":"center center","background-size":"auto","background-attachment":"scroll","background-type":"","background-media":"","overlay-type":"","overlay-color":"","overlay-opacity":"","overlay-gradient":""},"tablet":{"background-color":"var(--ast-global-color-5)","background-image":"","background-repeat":"repeat","background-position":"center center","background-size":"auto","background-attachment":"scroll","background-type":"","background-media":"","overlay-type":"","overlay-color":"","overlay-opacity":"","overlay-gradient":""},"mobile":{"background-color":"var(--ast-global-color-5)","background-image":"","background-repeat":"repeat","background-position":"center center","background-size":"auto","background-attachment":"scroll","background-type":"","background-media":"","overlay-type":"","overlay-color":"","overlay-opacity":"","overlay-gradient":""}}},"product_brand":[],"product_cat":[1420,1426,1427,2676],"product_tag":[],"class_list":{"0":"post-28270","1":"product","2":"type-product","3":"status-publish","4":"has-post-thumbnail","6":"product_cat-filetage","7":"product_cat-filetage-assiste-filetage","8":"product_cat-fileteuses-electriques-filetage-assiste-filetage","9":"product_cat-ridgid","10":"desktop-align-center","11":"tablet-align-center","12":"mobile-align-center","13":"ast-product-gallery-layout-horizontal","14":"ast-product-gallery-with-no-image","15":"ast-product-tabs-layout-horizontal","17":"first","18":"instock","19":"sale","20":"taxable","21":"shipping-taxable","22":"purchasable","23":"product-type-simple"},"yoast_head":"<!-- This site is optimized with the Yoast SEO plugin v27.6 - https:\/\/yoast.com\/product\/yoast-seo-wordpress\/ -->\n<title>THREADING MACH,535A 110V 36RPM - ISO-CE inc.<\/title>\n<meta name=\"description\" content=\"Le mod\u00e8le 535A conserve son r\u00f4le du pilier de l&#039;efficacit\u00e9 de l&#039;industrie tout en additionnant des caract\u00e9ristiques qui rendent les travaux de filetage plus optimaux. Pour un travail \u00e0 long terme sans interruption, le 535A est l&#039;outil de pr\u00e9dilection gr\u00e2ce \u00e0 son grand bac \u00e0 copeaux et un r\u00e9servoir d&#039;huile. Large surface sur\u00e9lev\u00e9e pour garder acc\u00e8s \u00e0 d&#039;autre d&#039;outils et mat\u00e9riaux. Con\u00e7ues pour offrir un temps d&#039;utilisation maximal.\" \/>\n<meta name=\"robots\" content=\"index, follow, max-snippet:-1, max-image-preview:large, max-video-preview:-1\" \/>\n<link rel=\"canonical\" href=\"https:\/\/www.iso-ce.com\/produit\/threading-mach535a-110v-36rpm\/\" \/>\n<meta property=\"og:locale\" content=\"en_US\" \/>\n<meta property=\"og:type\" content=\"article\" \/>\n<meta property=\"og:title\" content=\"THREADING MACH,535A 110V 36RPM - ISO-CE inc.\" \/>\n<meta property=\"og:description\" content=\"Le mod\u00e8le 535A conserve son r\u00f4le du pilier de l&#039;efficacit\u00e9 de l&#039;industrie tout en additionnant des caract\u00e9ristiques qui rendent les travaux de filetage plus optimaux. Pour un travail \u00e0 long terme sans interruption, le 535A est l&#039;outil de pr\u00e9dilection gr\u00e2ce \u00e0 son grand bac \u00e0 copeaux et un r\u00e9servoir d&#039;huile. Large surface sur\u00e9lev\u00e9e pour garder acc\u00e8s \u00e0 d&#039;autre d&#039;outils et mat\u00e9riaux. Con\u00e7ues pour offrir un temps d&#039;utilisation maximal.\" \/>\n<meta property=\"og:url\" content=\"https:\/\/www.iso-ce.com\/produit\/threading-mach535a-110v-36rpm\/\" \/>\n<meta property=\"og:site_name\" content=\"ISO-CE inc.\" \/>\n<meta property=\"article:publisher\" content=\"https:\/\/www.facebook.com\/pages\/ISO-cE\/1600971703559642\/\" \/>\n<meta property=\"article:modified_time\" content=\"2024-12-03T13:55:32+00:00\" \/>\n<meta property=\"og:image\" content=\"https:\/\/www.iso-ce.com\/wp-content\/uploads\/2021\/03\/1224_Threading_Machine_72dpi.jpg\" \/>\n\t<meta property=\"og:image:width\" content=\"385\" \/>\n\t<meta property=\"og:image:height\" content=\"385\" \/>\n\t<meta property=\"og:image:type\" content=\"image\/jpeg\" \/>\n<meta name=\"twitter:card\" content=\"summary_large_image\" \/>\n<meta name=\"twitter:label1\" content=\"Price\" \/>\n\t<meta name=\"twitter:data1\" content=\"9,278.78&#036;\" \/>\n\t<meta name=\"twitter:label2\" content=\"Availability\" \/>\n\t<meta name=\"twitter:data2\" content=\"In stock\" \/>\n<script type=\"application\/ld+json\" class=\"yoast-schema-graph\">{\"@context\":\"https:\\\/\\\/schema.org\",\"@graph\":[{\"@type\":\"WebPage\",\"@id\":\"https:\\\/\\\/www.iso-ce.com\\\/produit\\\/threading-mach535a-110v-36rpm\\\/\",\"url\":\"https:\\\/\\\/www.iso-ce.com\\\/produit\\\/threading-mach535a-110v-36rpm\\\/\",\"name\":\"THREADING MACH,535A 110V 36RPM - ISO-CE inc.\",\"isPartOf\":{\"@id\":\"https:\\\/\\\/www.iso-ce.com\\\/#website\"},\"primaryImageOfPage\":{\"@id\":\"https:\\\/\\\/www.iso-ce.com\\\/produit\\\/threading-mach535a-110v-36rpm\\\/#primaryimage\"},\"image\":{\"@id\":\"https:\\\/\\\/www.iso-ce.com\\\/produit\\\/threading-mach535a-110v-36rpm\\\/#primaryimage\"},\"thumbnailUrl\":\"https:\\\/\\\/www.iso-ce.com\\\/wp-content\\\/uploads\\\/2021\\\/03\\\/1224_Threading_Machine_72dpi.jpg\",\"datePublished\":\"2021-05-03T13:19:34+00:00\",\"dateModified\":\"2024-12-03T13:55:32+00:00\",\"description\":\"Le mod\u00e8le 535A conserve son r\u00f4le du pilier de l'efficacit\u00e9 de l'industrie tout en additionnant des caract\u00e9ristiques qui rendent les travaux de filetage plus optimaux. Pour un travail \u00e0 long terme sans interruption, le 535A est l'outil de pr\u00e9dilection gr\u00e2ce \u00e0 son grand bac \u00e0 copeaux et un r\u00e9servoir d'huile. Large surface sur\u00e9lev\u00e9e pour garder acc\u00e8s \u00e0 d'autre d'outils et mat\u00e9riaux. Con\u00e7ues pour offrir un temps d'utilisation maximal.\",\"breadcrumb\":{\"@id\":\"https:\\\/\\\/www.iso-ce.com\\\/produit\\\/threading-mach535a-110v-36rpm\\\/#breadcrumb\"},\"inLanguage\":\"en-US\",\"potentialAction\":[{\"@type\":\"ReadAction\",\"target\":[\"https:\\\/\\\/www.iso-ce.com\\\/produit\\\/threading-mach535a-110v-36rpm\\\/\"]}]},{\"@type\":\"ImageObject\",\"inLanguage\":\"en-US\",\"@id\":\"https:\\\/\\\/www.iso-ce.com\\\/produit\\\/threading-mach535a-110v-36rpm\\\/#primaryimage\",\"url\":\"https:\\\/\\\/www.iso-ce.com\\\/wp-content\\\/uploads\\\/2021\\\/03\\\/1224_Threading_Machine_72dpi.jpg\",\"contentUrl\":\"https:\\\/\\\/www.iso-ce.com\\\/wp-content\\\/uploads\\\/2021\\\/03\\\/1224_Threading_Machine_72dpi.jpg\",\"width\":385,\"height\":385,\"caption\":\"Fileteuse \u00e9lectrique RIDGID\"},{\"@type\":\"BreadcrumbList\",\"@id\":\"https:\\\/\\\/www.iso-ce.com\\\/produit\\\/threading-mach535a-110v-36rpm\\\/#breadcrumb\",\"itemListElement\":[{\"@type\":\"ListItem\",\"position\":1,\"name\":\"Boutique RIDGID\",\"item\":\"https:\\\/\\\/www.iso-ce.com\\\/en\\\/home\\\/\"},{\"@type\":\"ListItem\",\"position\":2,\"name\":\"RIDGID Shop\",\"item\":\"https:\\\/\\\/www.iso-ce.com\\\/en\\\/shop-ridgid\\\/\"},{\"@type\":\"ListItem\",\"position\":3,\"name\":\"THREADING MACH,535A 110V 36RPM\"}]},{\"@type\":\"WebSite\",\"@id\":\"https:\\\/\\\/www.iso-ce.com\\\/#website\",\"url\":\"https:\\\/\\\/www.iso-ce.com\\\/\",\"name\":\"ISO-CE inc.\",\"description\":\"Outillages Professionnels\",\"publisher\":{\"@id\":\"https:\\\/\\\/www.iso-ce.com\\\/#organization\"},\"potentialAction\":[{\"@type\":\"SearchAction\",\"target\":{\"@type\":\"EntryPoint\",\"urlTemplate\":\"https:\\\/\\\/www.iso-ce.com\\\/?s={search_term_string}\"},\"query-input\":{\"@type\":\"PropertyValueSpecification\",\"valueRequired\":true,\"valueName\":\"search_term_string\"}}],\"inLanguage\":\"en-US\"},{\"@type\":\"Organization\",\"@id\":\"https:\\\/\\\/www.iso-ce.com\\\/#organization\",\"name\":\"ISO-CE inc.\",\"url\":\"https:\\\/\\\/www.iso-ce.com\\\/\",\"logo\":{\"@type\":\"ImageObject\",\"inLanguage\":\"en-US\",\"@id\":\"https:\\\/\\\/www.iso-ce.com\\\/#\\\/schema\\\/logo\\\/image\\\/\",\"url\":\"https:\\\/\\\/www.iso-ce.com\\\/wp-content\\\/uploads\\\/2022\\\/06\\\/ISO-CE-outils-et-equi-CM-FR.jpg\",\"contentUrl\":\"https:\\\/\\\/www.iso-ce.com\\\/wp-content\\\/uploads\\\/2022\\\/06\\\/ISO-CE-outils-et-equi-CM-FR.jpg\",\"width\":420,\"height\":420,\"caption\":\"ISO-CE inc.\"},\"image\":{\"@id\":\"https:\\\/\\\/www.iso-ce.com\\\/#\\\/schema\\\/logo\\\/image\\\/\"},\"sameAs\":[\"https:\\\/\\\/www.facebook.com\\\/pages\\\/ISO-cE\\\/1600971703559642\\\/\"]}]}<\/script>\n<meta property=\"product:price:amount\" content=\"9278.78\" \/>\n<meta property=\"product:price:currency\" content=\"CAD\" \/>\n<meta property=\"og:availability\" content=\"instock\" \/>\n<meta property=\"product:availability\" content=\"instock\" \/>\n<meta property=\"product:retailer_item_id\" content=\"29948\" \/>\n<meta property=\"product:condition\" content=\"new\" \/>\n<!-- \/ Yoast SEO plugin. -->","yoast_head_json":{"title":"THREADING MACH,535A 110V 36RPM - ISO-CE inc.","description":"Le mod\u00e8le 535A conserve son r\u00f4le du pilier de l'efficacit\u00e9 de l'industrie tout en additionnant des caract\u00e9ristiques qui rendent les travaux de filetage plus optimaux. Pour un travail \u00e0 long terme sans interruption, le 535A est l'outil de pr\u00e9dilection gr\u00e2ce \u00e0 son grand bac \u00e0 copeaux et un r\u00e9servoir d'huile. Large surface sur\u00e9lev\u00e9e pour garder acc\u00e8s \u00e0 d'autre d'outils et mat\u00e9riaux. Con\u00e7ues pour offrir un temps d'utilisation maximal.","robots":{"index":"index","follow":"follow","max-snippet":"max-snippet:-1","max-image-preview":"max-image-preview:large","max-video-preview":"max-video-preview:-1"},"canonical":"https:\/\/www.iso-ce.com\/produit\/threading-mach535a-110v-36rpm\/","og_locale":"en_US","og_type":"article","og_title":"THREADING MACH,535A 110V 36RPM - ISO-CE inc.","og_description":"Le mod\u00e8le 535A conserve son r\u00f4le du pilier de l'efficacit\u00e9 de l'industrie tout en additionnant des caract\u00e9ristiques qui rendent les travaux de filetage plus optimaux. Pour un travail \u00e0 long terme sans interruption, le 535A est l'outil de pr\u00e9dilection gr\u00e2ce \u00e0 son grand bac \u00e0 copeaux et un r\u00e9servoir d'huile. Large surface sur\u00e9lev\u00e9e pour garder acc\u00e8s \u00e0 d'autre d'outils et mat\u00e9riaux. Con\u00e7ues pour offrir un temps d'utilisation maximal.","og_url":"https:\/\/www.iso-ce.com\/produit\/threading-mach535a-110v-36rpm\/","og_site_name":"ISO-CE inc.","article_publisher":"https:\/\/www.facebook.com\/pages\/ISO-cE\/1600971703559642\/","article_modified_time":"2024-12-03T13:55:32+00:00","og_image":[{"width":385,"height":385,"url":"https:\/\/www.iso-ce.com\/wp-content\/uploads\/2021\/03\/1224_Threading_Machine_72dpi.jpg","type":"image\/jpeg"}],"twitter_card":"summary_large_image","twitter_misc":{"Price":"9,278.78&#36;","Availability":"In stock"},"schema":{"@context":"https:\/\/schema.org","@graph":[{"@type":"WebPage","@id":"https:\/\/www.iso-ce.com\/produit\/threading-mach535a-110v-36rpm\/","url":"https:\/\/www.iso-ce.com\/produit\/threading-mach535a-110v-36rpm\/","name":"THREADING MACH,535A 110V 36RPM - ISO-CE inc.","isPartOf":{"@id":"https:\/\/www.iso-ce.com\/#website"},"primaryImageOfPage":{"@id":"https:\/\/www.iso-ce.com\/produit\/threading-mach535a-110v-36rpm\/#primaryimage"},"image":{"@id":"https:\/\/www.iso-ce.com\/produit\/threading-mach535a-110v-36rpm\/#primaryimage"},"thumbnailUrl":"https:\/\/www.iso-ce.com\/wp-content\/uploads\/2021\/03\/1224_Threading_Machine_72dpi.jpg","datePublished":"2021-05-03T13:19:34+00:00","dateModified":"2024-12-03T13:55:32+00:00","description":"Le mod\u00e8le 535A conserve son r\u00f4le du pilier de l'efficacit\u00e9 de l'industrie tout en additionnant des caract\u00e9ristiques qui rendent les travaux de filetage plus optimaux. Pour un travail \u00e0 long terme sans interruption, le 535A est l'outil de pr\u00e9dilection gr\u00e2ce \u00e0 son grand bac \u00e0 copeaux et un r\u00e9servoir d'huile. Large surface sur\u00e9lev\u00e9e pour garder acc\u00e8s \u00e0 d'autre d'outils et mat\u00e9riaux. Con\u00e7ues pour offrir un temps d'utilisation maximal.","breadcrumb":{"@id":"https:\/\/www.iso-ce.com\/produit\/threading-mach535a-110v-36rpm\/#breadcrumb"},"inLanguage":"en-US","potentialAction":[{"@type":"ReadAction","target":["https:\/\/www.iso-ce.com\/produit\/threading-mach535a-110v-36rpm\/"]}]},{"@type":"ImageObject","inLanguage":"en-US","@id":"https:\/\/www.iso-ce.com\/produit\/threading-mach535a-110v-36rpm\/#primaryimage","url":"https:\/\/www.iso-ce.com\/wp-content\/uploads\/2021\/03\/1224_Threading_Machine_72dpi.jpg","contentUrl":"https:\/\/www.iso-ce.com\/wp-content\/uploads\/2021\/03\/1224_Threading_Machine_72dpi.jpg","width":385,"height":385,"caption":"Fileteuse \u00e9lectrique RIDGID"},{"@type":"BreadcrumbList","@id":"https:\/\/www.iso-ce.com\/produit\/threading-mach535a-110v-36rpm\/#breadcrumb","itemListElement":[{"@type":"ListItem","position":1,"name":"Boutique RIDGID","item":"https:\/\/www.iso-ce.com\/en\/home\/"},{"@type":"ListItem","position":2,"name":"RIDGID Shop","item":"https:\/\/www.iso-ce.com\/en\/shop-ridgid\/"},{"@type":"ListItem","position":3,"name":"THREADING MACH,535A 110V 36RPM"}]},{"@type":"WebSite","@id":"https:\/\/www.iso-ce.com\/#website","url":"https:\/\/www.iso-ce.com\/","name":"ISO-CE inc.","description":"Outillages Professionnels","publisher":{"@id":"https:\/\/www.iso-ce.com\/#organization"},"potentialAction":[{"@type":"SearchAction","target":{"@type":"EntryPoint","urlTemplate":"https:\/\/www.iso-ce.com\/?s={search_term_string}"},"query-input":{"@type":"PropertyValueSpecification","valueRequired":true,"valueName":"search_term_string"}}],"inLanguage":"en-US"},{"@type":"Organization","@id":"https:\/\/www.iso-ce.com\/#organization","name":"ISO-CE inc.","url":"https:\/\/www.iso-ce.com\/","logo":{"@type":"ImageObject","inLanguage":"en-US","@id":"https:\/\/www.iso-ce.com\/#\/schema\/logo\/image\/","url":"https:\/\/www.iso-ce.com\/wp-content\/uploads\/2022\/06\/ISO-CE-outils-et-equi-CM-FR.jpg","contentUrl":"https:\/\/www.iso-ce.com\/wp-content\/uploads\/2022\/06\/ISO-CE-outils-et-equi-CM-FR.jpg","width":420,"height":420,"caption":"ISO-CE inc."},"image":{"@id":"https:\/\/www.iso-ce.com\/#\/schema\/logo\/image\/"},"sameAs":["https:\/\/www.facebook.com\/pages\/ISO-cE\/1600971703559642\/"]}]},"product_price_amount":"9278.78","product_price_currency":"CAD","og_availability":"instock","product_availability":"instock","product_retailer_item_id":"29948","product_condition":"new"},"_links":{"self":[{"href":"https:\/\/www.iso-ce.com\/en\/wp-json\/wp\/v2\/product\/28270","targetHints":{"allow":["GET"]}}],"collection":[{"href":"https:\/\/www.iso-ce.com\/en\/wp-json\/wp\/v2\/product"}],"about":[{"href":"https:\/\/www.iso-ce.com\/en\/wp-json\/wp\/v2\/types\/product"}],"wp:featuredmedia":[{"embeddable":true,"href":"https:\/\/www.iso-ce.com\/en\/wp-json\/wp\/v2\/media\/17142"}],"wp:attachment":[{"href":"https:\/\/www.iso-ce.com\/en\/wp-json\/wp\/v2\/media?parent=28270"}],"wp:term":[{"taxonomy":"product_brand","embeddable":true,"href":"https:\/\/www.iso-ce.com\/en\/wp-json\/wp\/v2\/product_brand?post=28270"},{"taxonomy":"product_cat","embeddable":true,"href":"https:\/\/www.iso-ce.com\/en\/wp-json\/wp\/v2\/product_cat?post=28270"},{"taxonomy":"product_tag","embeddable":true,"href":"https:\/\/www.iso-ce.com\/en\/wp-json\/wp\/v2\/product_tag?post=28270"}],"curies":[{"name":"wp","href":"https:\/\/api.w.org\/{rel}","templated":true}]}}