{"id":27914,"date":"2021-05-03T08:18:09","date_gmt":"2021-05-03T13:18:09","guid":{"rendered":"https:\/\/www.iso-ce.com\/?post_type=product&#038;p=27914"},"modified":"2024-12-03T08:11:30","modified_gmt":"2024-12-03T13:11:30","slug":"reelmicrodrain-d65s-ca350-230","status":"publish","type":"product","link":"https:\/\/www.iso-ce.com\/en\/product\/reelmicrodrain-d65s-ca350-230\/","title":{"rendered":"REEL,MICRODRAIN D65S CA350 230"},"content":{"rendered":"<h2>Caract\u00e9ristiques<\/h2>\n<ul class=\"bullet\">\n<li>Petit diam\u00e8tre pour l&#8217;inspection de petits tuyaux a virage \u00e9troit<\/li>\n<li>Facile \u00e0 transporter<\/li>\n<li>Tambours interchangeables (vendus s\u00e9par\u00e9ment)<\/li>\n<li><strong>L100\/L100C\u00a0<\/strong>-Lignes de 1 1\u20442&#8243; \u00e0 5&#8243; (40 &#8211; 125 mm) inspect\u00e9 des lignes jusqu&#8217;\u00e0 100&#8242; (30 m).<\/li>\n<li><strong>D30 et D65S<\/strong> &#8211; 1 1\u20442&#8243; \u00e0 4&#8243; (40 &#8211; 100 mm)\u00a0 inspect\u00e9 des lignes jusqu&#8217;\u00e0 20 m (65&#8242;)<\/li>\n<li><strong>N85S<\/strong> &#8211; 1&#8243; \u00e0 2&#8243; (25 &#8211; 50 mm)<\/li>\n<\/ul>\n<h2>Sp\u00e9cifications<\/h2>\n<p>SYST\u00c8ME D30 &amp; D65S<\/p>\n<ul>\n<li>T\u00eate de cam\u00e9ra 0,86&#8243; (22 mm)<\/li>\n<li>Longueur du c\u00e2ble 20 m<\/li>\n<li>Diam\u00e8tre du c\u00e2ble 0,33&#8243; (8,3 mm)<\/li>\n<li>Capacit\u00e9 de ligne 1\u00bc&#8221; \u00e0 3 \/ 4&#8243; (32 &#8211; 75 ou 100 mm)<\/li>\n<li>Poids 8,6 lbs. (3,9 kg) ou 9,8 lbs. (4,4 kg)<\/li>\n<li>Taille Longueur 33,7 cm, largeur 16,8 cm, hauteur 36,1 cm.<\/li>\n<li>R\u00e9solution 656 x 492 NTSC<\/li>\n<li>Guide \u00e0 billes 2 inclus<\/li>\n<li>Sonde Standard avec microDrain de 20 m (65&#8243;), 512 Hz<\/li>\n<\/ul>\n","protected":false},"excerpt":{"rendered":"<p>Inspecter les tuyaux de chaudi\u00e8res, les lignes d&#8217;alimentation. Compatible avec le moniteur SeeSnake pour un enregistrement net.<\/p>\n","protected":false},"featured_media":18957,"template":"","meta":{"site-sidebar-layout":"default","site-content-layout":"","ast-site-content-layout":"","site-content-style":"default","site-sidebar-style":"default","ast-global-header-display":"","ast-banner-title-visibility":"","ast-main-header-display":"","ast-hfb-above-header-display":"","ast-hfb-below-header-display":"","ast-hfb-mobile-header-display":"","site-post-title":"","ast-breadcrumbs-content":"","ast-featured-img":"","footer-sml-layout":"","theme-transparent-header-meta":"","adv-header-id-meta":"","stick-header-meta":"","header-above-stick-meta":"","header-main-stick-meta":"","header-below-stick-meta":"","astra-migrate-meta-layouts":"default","ast-page-background-enabled":"default","ast-page-background-meta":{"desktop":{"background-color":"","background-image":"","background-repeat":"repeat","background-position":"center center","background-size":"auto","background-attachment":"scroll","background-type":"","background-media":"","overlay-type":"","overlay-color":"","overlay-opacity":"","overlay-gradient":""},"tablet":{"background-color":"","background-image":"","background-repeat":"repeat","background-position":"center center","background-size":"auto","background-attachment":"scroll","background-type":"","background-media":"","overlay-type":"","overlay-color":"","overlay-opacity":"","overlay-gradient":""},"mobile":{"background-color":"","background-image":"","background-repeat":"repeat","background-position":"center center","background-size":"auto","background-attachment":"scroll","background-type":"","background-media":"","overlay-type":"","overlay-color":"","overlay-opacity":"","overlay-gradient":""}},"ast-content-background-meta":{"desktop":{"background-color":"var(--ast-global-color-5)","background-image":"","background-repeat":"repeat","background-position":"center center","background-size":"auto","background-attachment":"scroll","background-type":"","background-media":"","overlay-type":"","overlay-color":"","overlay-opacity":"","overlay-gradient":""},"tablet":{"background-color":"var(--ast-global-color-5)","background-image":"","background-repeat":"repeat","background-position":"center center","background-size":"auto","background-attachment":"scroll","background-type":"","background-media":"","overlay-type":"","overlay-color":"","overlay-opacity":"","overlay-gradient":""},"mobile":{"background-color":"var(--ast-global-color-5)","background-image":"","background-repeat":"repeat","background-position":"center center","background-size":"auto","background-attachment":"scroll","background-type":"","background-media":"","overlay-type":"","overlay-color":"","overlay-opacity":"","overlay-gradient":""}}},"product_brand":[],"product_cat":[1327,1325,2676],"product_tag":[],"class_list":{"0":"post-27914","1":"product","2":"type-product","3":"status-publish","4":"has-post-thumbnail","6":"product_cat-devidoirs-et-cameras","7":"product_cat-diagnostique-inspection-et-localisation","8":"product_cat-ridgid","9":"desktop-align-center","10":"tablet-align-center","11":"mobile-align-center","12":"ast-product-gallery-layout-horizontal","13":"ast-product-gallery-with-no-image","14":"ast-product-tabs-layout-horizontal","16":"first","17":"instock","18":"taxable","19":"shipping-taxable","20":"purchasable","21":"product-type-simple"},"yoast_head":"<!-- This site is optimized with the Yoast SEO plugin v27.6 - https:\/\/yoast.com\/product\/yoast-seo-wordpress\/ -->\n<title>REEL,MICRODRAIN D65S CA350 230 - ISO-CE inc.<\/title>\n<meta name=\"description\" content=\"Inspecter les tuyaux de chaudi\u00e8res, les lignes d&#039;alimentation. Compatible avec le moniteur SeeSnake pour un enregistrement net.\" \/>\n<meta name=\"robots\" content=\"index, follow, max-snippet:-1, max-image-preview:large, max-video-preview:-1\" \/>\n<link rel=\"canonical\" href=\"https:\/\/www.iso-ce.com\/produit\/reelmicrodrain-d65s-ca350-230\/\" \/>\n<meta property=\"og:locale\" content=\"en_US\" \/>\n<meta property=\"og:type\" content=\"article\" \/>\n<meta property=\"og:title\" content=\"REEL,MICRODRAIN D65S CA350 230 - ISO-CE inc.\" \/>\n<meta property=\"og:description\" content=\"Inspecter les tuyaux de chaudi\u00e8res, les lignes d&#039;alimentation. Compatible avec le moniteur SeeSnake pour un enregistrement net.\" \/>\n<meta property=\"og:url\" content=\"https:\/\/www.iso-ce.com\/produit\/reelmicrodrain-d65s-ca350-230\/\" \/>\n<meta property=\"og:site_name\" content=\"ISO-CE inc.\" \/>\n<meta property=\"article:publisher\" content=\"https:\/\/www.facebook.com\/pages\/ISO-cE\/1600971703559642\/\" \/>\n<meta property=\"article:modified_time\" content=\"2024-12-03T13:11:30+00:00\" \/>\n<meta property=\"og:image\" content=\"https:\/\/www.iso-ce.com\/wp-content\/uploads\/2021\/03\/ridgid-40818-seesnake-nanoreel-industrial-video-inspection-system.jpg\" \/>\n\t<meta property=\"og:image:width\" content=\"270\" \/>\n\t<meta property=\"og:image:height\" content=\"400\" \/>\n\t<meta property=\"og:image:type\" content=\"image\/jpeg\" \/>\n<meta name=\"twitter:card\" content=\"summary_large_image\" \/>\n<meta name=\"twitter:label1\" content=\"Price\" \/>\n\t<meta name=\"twitter:data1\" content=\"6,801.08&#036;\" \/>\n\t<meta name=\"twitter:label2\" content=\"Availability\" \/>\n\t<meta name=\"twitter:data2\" content=\"In stock\" \/>\n<script type=\"application\/ld+json\" class=\"yoast-schema-graph\">{\"@context\":\"https:\\\/\\\/schema.org\",\"@graph\":[{\"@type\":\"WebPage\",\"@id\":\"https:\\\/\\\/www.iso-ce.com\\\/produit\\\/reelmicrodrain-d65s-ca350-230\\\/\",\"url\":\"https:\\\/\\\/www.iso-ce.com\\\/produit\\\/reelmicrodrain-d65s-ca350-230\\\/\",\"name\":\"REEL,MICRODRAIN D65S CA350 230 - ISO-CE inc.\",\"isPartOf\":{\"@id\":\"https:\\\/\\\/www.iso-ce.com\\\/#website\"},\"primaryImageOfPage\":{\"@id\":\"https:\\\/\\\/www.iso-ce.com\\\/produit\\\/reelmicrodrain-d65s-ca350-230\\\/#primaryimage\"},\"image\":{\"@id\":\"https:\\\/\\\/www.iso-ce.com\\\/produit\\\/reelmicrodrain-d65s-ca350-230\\\/#primaryimage\"},\"thumbnailUrl\":\"https:\\\/\\\/www.iso-ce.com\\\/wp-content\\\/uploads\\\/2021\\\/03\\\/ridgid-40818-seesnake-nanoreel-industrial-video-inspection-system.jpg\",\"datePublished\":\"2021-05-03T13:18:09+00:00\",\"dateModified\":\"2024-12-03T13:11:30+00:00\",\"description\":\"Inspecter les tuyaux de chaudi\u00e8res, les lignes d'alimentation. Compatible avec le moniteur SeeSnake pour un enregistrement net.\",\"breadcrumb\":{\"@id\":\"https:\\\/\\\/www.iso-ce.com\\\/produit\\\/reelmicrodrain-d65s-ca350-230\\\/#breadcrumb\"},\"inLanguage\":\"en-US\",\"potentialAction\":[{\"@type\":\"ReadAction\",\"target\":[\"https:\\\/\\\/www.iso-ce.com\\\/produit\\\/reelmicrodrain-d65s-ca350-230\\\/\"]}]},{\"@type\":\"ImageObject\",\"inLanguage\":\"en-US\",\"@id\":\"https:\\\/\\\/www.iso-ce.com\\\/produit\\\/reelmicrodrain-d65s-ca350-230\\\/#primaryimage\",\"url\":\"https:\\\/\\\/www.iso-ce.com\\\/wp-content\\\/uploads\\\/2021\\\/03\\\/ridgid-40818-seesnake-nanoreel-industrial-video-inspection-system.jpg\",\"contentUrl\":\"https:\\\/\\\/www.iso-ce.com\\\/wp-content\\\/uploads\\\/2021\\\/03\\\/ridgid-40818-seesnake-nanoreel-industrial-video-inspection-system.jpg\",\"width\":270,\"height\":400},{\"@type\":\"BreadcrumbList\",\"@id\":\"https:\\\/\\\/www.iso-ce.com\\\/produit\\\/reelmicrodrain-d65s-ca350-230\\\/#breadcrumb\",\"itemListElement\":[{\"@type\":\"ListItem\",\"position\":1,\"name\":\"Boutique RIDGID\",\"item\":\"https:\\\/\\\/www.iso-ce.com\\\/en\\\/home\\\/\"},{\"@type\":\"ListItem\",\"position\":2,\"name\":\"RIDGID Shop\",\"item\":\"https:\\\/\\\/www.iso-ce.com\\\/en\\\/shop-ridgid\\\/\"},{\"@type\":\"ListItem\",\"position\":3,\"name\":\"REEL,MICRODRAIN D65S CA350 230\"}]},{\"@type\":\"WebSite\",\"@id\":\"https:\\\/\\\/www.iso-ce.com\\\/#website\",\"url\":\"https:\\\/\\\/www.iso-ce.com\\\/\",\"name\":\"ISO-CE inc.\",\"description\":\"Outillages Professionnels\",\"publisher\":{\"@id\":\"https:\\\/\\\/www.iso-ce.com\\\/#organization\"},\"potentialAction\":[{\"@type\":\"SearchAction\",\"target\":{\"@type\":\"EntryPoint\",\"urlTemplate\":\"https:\\\/\\\/www.iso-ce.com\\\/?s={search_term_string}\"},\"query-input\":{\"@type\":\"PropertyValueSpecification\",\"valueRequired\":true,\"valueName\":\"search_term_string\"}}],\"inLanguage\":\"en-US\"},{\"@type\":\"Organization\",\"@id\":\"https:\\\/\\\/www.iso-ce.com\\\/#organization\",\"name\":\"ISO-CE inc.\",\"url\":\"https:\\\/\\\/www.iso-ce.com\\\/\",\"logo\":{\"@type\":\"ImageObject\",\"inLanguage\":\"en-US\",\"@id\":\"https:\\\/\\\/www.iso-ce.com\\\/#\\\/schema\\\/logo\\\/image\\\/\",\"url\":\"https:\\\/\\\/www.iso-ce.com\\\/wp-content\\\/uploads\\\/2022\\\/06\\\/ISO-CE-outils-et-equi-CM-FR.jpg\",\"contentUrl\":\"https:\\\/\\\/www.iso-ce.com\\\/wp-content\\\/uploads\\\/2022\\\/06\\\/ISO-CE-outils-et-equi-CM-FR.jpg\",\"width\":420,\"height\":420,\"caption\":\"ISO-CE inc.\"},\"image\":{\"@id\":\"https:\\\/\\\/www.iso-ce.com\\\/#\\\/schema\\\/logo\\\/image\\\/\"},\"sameAs\":[\"https:\\\/\\\/www.facebook.com\\\/pages\\\/ISO-cE\\\/1600971703559642\\\/\"]}]}<\/script>\n<meta property=\"product:price:amount\" content=\"6801.08\" \/>\n<meta property=\"product:price:currency\" content=\"CAD\" \/>\n<meta property=\"og:availability\" content=\"instock\" \/>\n<meta property=\"product:availability\" content=\"instock\" \/>\n<meta property=\"product:retailer_item_id\" content=\"37518\" \/>\n<meta property=\"product:condition\" content=\"new\" \/>\n<!-- \/ Yoast SEO plugin. -->","yoast_head_json":{"title":"REEL,MICRODRAIN D65S CA350 230 - ISO-CE inc.","description":"Inspecter les tuyaux de chaudi\u00e8res, les lignes d'alimentation. Compatible avec le moniteur SeeSnake pour un enregistrement net.","robots":{"index":"index","follow":"follow","max-snippet":"max-snippet:-1","max-image-preview":"max-image-preview:large","max-video-preview":"max-video-preview:-1"},"canonical":"https:\/\/www.iso-ce.com\/produit\/reelmicrodrain-d65s-ca350-230\/","og_locale":"en_US","og_type":"article","og_title":"REEL,MICRODRAIN D65S CA350 230 - ISO-CE inc.","og_description":"Inspecter les tuyaux de chaudi\u00e8res, les lignes d'alimentation. Compatible avec le moniteur SeeSnake pour un enregistrement net.","og_url":"https:\/\/www.iso-ce.com\/produit\/reelmicrodrain-d65s-ca350-230\/","og_site_name":"ISO-CE inc.","article_publisher":"https:\/\/www.facebook.com\/pages\/ISO-cE\/1600971703559642\/","article_modified_time":"2024-12-03T13:11:30+00:00","og_image":[{"width":270,"height":400,"url":"https:\/\/www.iso-ce.com\/wp-content\/uploads\/2021\/03\/ridgid-40818-seesnake-nanoreel-industrial-video-inspection-system.jpg","type":"image\/jpeg"}],"twitter_card":"summary_large_image","twitter_misc":{"Price":"6,801.08&#36;","Availability":"In stock"},"schema":{"@context":"https:\/\/schema.org","@graph":[{"@type":"WebPage","@id":"https:\/\/www.iso-ce.com\/produit\/reelmicrodrain-d65s-ca350-230\/","url":"https:\/\/www.iso-ce.com\/produit\/reelmicrodrain-d65s-ca350-230\/","name":"REEL,MICRODRAIN D65S CA350 230 - ISO-CE inc.","isPartOf":{"@id":"https:\/\/www.iso-ce.com\/#website"},"primaryImageOfPage":{"@id":"https:\/\/www.iso-ce.com\/produit\/reelmicrodrain-d65s-ca350-230\/#primaryimage"},"image":{"@id":"https:\/\/www.iso-ce.com\/produit\/reelmicrodrain-d65s-ca350-230\/#primaryimage"},"thumbnailUrl":"https:\/\/www.iso-ce.com\/wp-content\/uploads\/2021\/03\/ridgid-40818-seesnake-nanoreel-industrial-video-inspection-system.jpg","datePublished":"2021-05-03T13:18:09+00:00","dateModified":"2024-12-03T13:11:30+00:00","description":"Inspecter les tuyaux de chaudi\u00e8res, les lignes d'alimentation. Compatible avec le moniteur SeeSnake pour un enregistrement net.","breadcrumb":{"@id":"https:\/\/www.iso-ce.com\/produit\/reelmicrodrain-d65s-ca350-230\/#breadcrumb"},"inLanguage":"en-US","potentialAction":[{"@type":"ReadAction","target":["https:\/\/www.iso-ce.com\/produit\/reelmicrodrain-d65s-ca350-230\/"]}]},{"@type":"ImageObject","inLanguage":"en-US","@id":"https:\/\/www.iso-ce.com\/produit\/reelmicrodrain-d65s-ca350-230\/#primaryimage","url":"https:\/\/www.iso-ce.com\/wp-content\/uploads\/2021\/03\/ridgid-40818-seesnake-nanoreel-industrial-video-inspection-system.jpg","contentUrl":"https:\/\/www.iso-ce.com\/wp-content\/uploads\/2021\/03\/ridgid-40818-seesnake-nanoreel-industrial-video-inspection-system.jpg","width":270,"height":400},{"@type":"BreadcrumbList","@id":"https:\/\/www.iso-ce.com\/produit\/reelmicrodrain-d65s-ca350-230\/#breadcrumb","itemListElement":[{"@type":"ListItem","position":1,"name":"Boutique RIDGID","item":"https:\/\/www.iso-ce.com\/en\/home\/"},{"@type":"ListItem","position":2,"name":"RIDGID Shop","item":"https:\/\/www.iso-ce.com\/en\/shop-ridgid\/"},{"@type":"ListItem","position":3,"name":"REEL,MICRODRAIN D65S CA350 230"}]},{"@type":"WebSite","@id":"https:\/\/www.iso-ce.com\/#website","url":"https:\/\/www.iso-ce.com\/","name":"ISO-CE inc.","description":"Outillages Professionnels","publisher":{"@id":"https:\/\/www.iso-ce.com\/#organization"},"potentialAction":[{"@type":"SearchAction","target":{"@type":"EntryPoint","urlTemplate":"https:\/\/www.iso-ce.com\/?s={search_term_string}"},"query-input":{"@type":"PropertyValueSpecification","valueRequired":true,"valueName":"search_term_string"}}],"inLanguage":"en-US"},{"@type":"Organization","@id":"https:\/\/www.iso-ce.com\/#organization","name":"ISO-CE inc.","url":"https:\/\/www.iso-ce.com\/","logo":{"@type":"ImageObject","inLanguage":"en-US","@id":"https:\/\/www.iso-ce.com\/#\/schema\/logo\/image\/","url":"https:\/\/www.iso-ce.com\/wp-content\/uploads\/2022\/06\/ISO-CE-outils-et-equi-CM-FR.jpg","contentUrl":"https:\/\/www.iso-ce.com\/wp-content\/uploads\/2022\/06\/ISO-CE-outils-et-equi-CM-FR.jpg","width":420,"height":420,"caption":"ISO-CE inc."},"image":{"@id":"https:\/\/www.iso-ce.com\/#\/schema\/logo\/image\/"},"sameAs":["https:\/\/www.facebook.com\/pages\/ISO-cE\/1600971703559642\/"]}]},"product_price_amount":"6801.08","product_price_currency":"CAD","og_availability":"instock","product_availability":"instock","product_retailer_item_id":"37518","product_condition":"new"},"_links":{"self":[{"href":"https:\/\/www.iso-ce.com\/en\/wp-json\/wp\/v2\/product\/27914","targetHints":{"allow":["GET"]}}],"collection":[{"href":"https:\/\/www.iso-ce.com\/en\/wp-json\/wp\/v2\/product"}],"about":[{"href":"https:\/\/www.iso-ce.com\/en\/wp-json\/wp\/v2\/types\/product"}],"wp:featuredmedia":[{"embeddable":true,"href":"https:\/\/www.iso-ce.com\/en\/wp-json\/wp\/v2\/media\/18957"}],"wp:attachment":[{"href":"https:\/\/www.iso-ce.com\/en\/wp-json\/wp\/v2\/media?parent=27914"}],"wp:term":[{"taxonomy":"product_brand","embeddable":true,"href":"https:\/\/www.iso-ce.com\/en\/wp-json\/wp\/v2\/product_brand?post=27914"},{"taxonomy":"product_cat","embeddable":true,"href":"https:\/\/www.iso-ce.com\/en\/wp-json\/wp\/v2\/product_cat?post=27914"},{"taxonomy":"product_tag","embeddable":true,"href":"https:\/\/www.iso-ce.com\/en\/wp-json\/wp\/v2\/product_tag?post=27914"}],"curies":[{"name":"wp","href":"https:\/\/api.w.org\/{rel}","templated":true}]}}