{"id":27503,"date":"2021-05-03T08:16:30","date_gmt":"2021-05-03T13:16:30","guid":{"rendered":"https:\/\/www.iso-ce.com\/?post_type=product&#038;p=27503"},"modified":"2024-12-03T08:17:05","modified_gmt":"2024-12-03T13:17:05","slug":"reel-rm200b-pal-w-d2b-drum","status":"publish","type":"product","link":"https:\/\/www.iso-ce.com\/en\/product\/reel-rm200b-pal-w-d2b-drum\/","title":{"rendered":"REEL, RM200B PAL W\/D2B DRUM"},"content":{"rendered":"<h2>Caract\u00e9ristiques<\/h2>\n<p class=\"marketingContent\">Interchangeabilit\u00e9<\/p>\n<ul class=\"bullet\">\n<li>Comprends les tambours D2A et D2B<\/li>\n<li>Livr\u00e9 avec le tambour de votre choix<\/li>\n<li>Les deux tambours peuvent \u00eatre achets s\u00e9par\u00e9ment<\/li>\n<li>Facilement interchangeable pour un travail polyvalent.<\/li>\n<\/ul>\n<p class=\"marketingContent\"><strong>Capacit\u00e9 de pouss\u00e9e<\/strong><\/p>\n<ul class=\"bullet\">\n<li>Chacun des tambours poss\u00e8de des caract\u00e9ristiques diff\u00e9rentes<\/li>\n<li>Choisissez le tambour qui convient le mieux pour le type de t\u00e2che \u00e0 effectuer<\/li>\n<\/ul>\n<p class=\"marketingContent\"><strong>Portabilit\u00e9<\/strong><\/p>\n<ul class=\"bullet\">\n<li>Roues et poign\u00e9e de transport pour un assurer un d\u00e9placement ais\u00e9.<\/li>\n<li>Accrocher le moniteur num\u00e9rique pour r\u00e9duire le stockage et rendre le transport plus ais\u00e9.<\/li>\n<\/ul>\n<h2>Sp\u00e9cification<\/h2>\n<p>RM200A<\/p>\n<ul>\n<li>Capacit\u00e9 du tuyau (lorsqu&#8217;il est utilis\u00e9 avec un guide de tuyau de 5&#8243; (12,5 cm)). 1,5&#8243; \u00e0 8&#8243; (3,8 cm \u00e0 20,3 cm)<\/li>\n<li>Longueur du c\u00e2ble de pouss\u00e9e 61 m (200&#8242;)<\/li>\n<li>Diam\u00e8tre 0,3&#8243; (0,76 cm)<\/li>\n<li>Diam\u00e8tre de l&#8217;\u00e2me en fibre de verre 0,14&#8243; (0,36 cm)<\/li>\n<li>Rayon de courbure minimum 7,1 cm (2,8&#8243;)<\/li>\n<li>Poids du syst\u00e8me 36,3 lbs. (16,5 kg)<\/li>\n<li>Poids du tambour 7,4 kg. (7,4 kg)<\/li>\n<li>Diam\u00e8tre du tambour 43,2 cm (17&#8243;)<\/li>\n<li>Vue de la cam\u00e9ra Mise \u00e0 niveau automatique<\/li>\n<li>Longueur 1&#8243; (2,6 cm)<\/li>\n<li>Diam\u00e8tre 1&#8243; (2,5 cm)<\/li>\n<li>Lumi\u00e8re 6 LEDs<\/li>\n<li>Fr\u00e9quence de la sonde 512 Hz<\/li>\n<li>R\u00e9solution NTSC 656 x 492 pixels ; PAL 768 x 576 pixels<\/li>\n<li>Type d&#8217;assemblage de ressort Simple. Longueur, 12&#8243; (30,8 cm)<\/li>\n<\/ul>\n<p>RM200B<\/p>\n<ul>\n<li>Capacit\u00e9 du tuyau (lorsqu&#8217;il est utilis\u00e9 avec un guide de tuyau de 5&#8243; (12,5 cm)). 2&#8243; \u00e0 8&#8243; (5,1 cm \u00e0 20,3 cm)<\/li>\n<li>Longueur du c\u00e2ble de pouss\u00e9e 50 m (165&#8242;)<\/li>\n<li>Diam\u00e8tre 0,35&#8243; (0,90 cm)<\/li>\n<li>Diam\u00e8tre de l&#8217;\u00e2me en fibre de verre 0,18&#8243; (0,45 cm)<\/li>\n<li>Rayon de courbure minimum 8,9 cm (3,5&#8243;)<\/li>\n<li>Poids du syst\u00e8me 39,2 lbs. (17,8 kg)<\/li>\n<li>Poids du tambour 8,7 kg (19,2 lbs.) (8,7 kg)<\/li>\n<li>Diam\u00e8tre du tambour 43,2 cm (17&#8243;)<\/li>\n<li>Vue de la cam\u00e9ra Mise \u00e0 niveau automatique<\/li>\n<li>Longueur 1&#8243; (2,6 cm)<\/li>\n<li>Diam\u00e8tre 1&#8243; (2,5 cm)<\/li>\n<li>Lumi\u00e8re 6 LEDs<\/li>\n<li>Fr\u00e9quence de la sonde 512 Hz<\/li>\n<li>R\u00e9solution NTSC 656 x 492 pixels ; PAL 768 x 576 pixels<\/li>\n<li>Type d&#8217;assemblage de ressort Double embo\u00eet\u00e9. Longueur, 43,3 cm (17&#8243;)<\/li>\n<\/ul>\n","protected":false},"excerpt":{"rendered":"<p>Bobine de 165 pied de c\u00e2ble pour cam\u00e9ra couleur. Syst\u00e8mes d&#8217;inspections professionnelles pour conduits \u00e9troits.<\/p>\n","protected":false},"featured_media":18886,"template":"","meta":{"site-sidebar-layout":"default","site-content-layout":"","ast-site-content-layout":"","site-content-style":"default","site-sidebar-style":"default","ast-global-header-display":"","ast-banner-title-visibility":"","ast-main-header-display":"","ast-hfb-above-header-display":"","ast-hfb-below-header-display":"","ast-hfb-mobile-header-display":"","site-post-title":"","ast-breadcrumbs-content":"","ast-featured-img":"","footer-sml-layout":"","theme-transparent-header-meta":"","adv-header-id-meta":"","stick-header-meta":"","header-above-stick-meta":"","header-main-stick-meta":"","header-below-stick-meta":"","astra-migrate-meta-layouts":"default","ast-page-background-enabled":"default","ast-page-background-meta":{"desktop":{"background-color":"","background-image":"","background-repeat":"repeat","background-position":"center center","background-size":"auto","background-attachment":"scroll","background-type":"","background-media":"","overlay-type":"","overlay-color":"","overlay-opacity":"","overlay-gradient":""},"tablet":{"background-color":"","background-image":"","background-repeat":"repeat","background-position":"center center","background-size":"auto","background-attachment":"scroll","background-type":"","background-media":"","overlay-type":"","overlay-color":"","overlay-opacity":"","overlay-gradient":""},"mobile":{"background-color":"","background-image":"","background-repeat":"repeat","background-position":"center center","background-size":"auto","background-attachment":"scroll","background-type":"","background-media":"","overlay-type":"","overlay-color":"","overlay-opacity":"","overlay-gradient":""}},"ast-content-background-meta":{"desktop":{"background-color":"var(--ast-global-color-5)","background-image":"","background-repeat":"repeat","background-position":"center center","background-size":"auto","background-attachment":"scroll","background-type":"","background-media":"","overlay-type":"","overlay-color":"","overlay-opacity":"","overlay-gradient":""},"tablet":{"background-color":"var(--ast-global-color-5)","background-image":"","background-repeat":"repeat","background-position":"center center","background-size":"auto","background-attachment":"scroll","background-type":"","background-media":"","overlay-type":"","overlay-color":"","overlay-opacity":"","overlay-gradient":""},"mobile":{"background-color":"var(--ast-global-color-5)","background-image":"","background-repeat":"repeat","background-position":"center center","background-size":"auto","background-attachment":"scroll","background-type":"","background-media":"","overlay-type":"","overlay-color":"","overlay-opacity":"","overlay-gradient":""}}},"product_brand":[],"product_cat":[1327,2676],"product_tag":[],"class_list":{"0":"post-27503","1":"product","2":"type-product","3":"status-publish","4":"has-post-thumbnail","6":"product_cat-devidoirs-et-cameras","7":"product_cat-ridgid","8":"desktop-align-center","9":"tablet-align-center","10":"mobile-align-center","11":"ast-product-gallery-layout-horizontal","12":"ast-product-gallery-with-no-image","13":"ast-product-tabs-layout-horizontal","15":"first","16":"instock","17":"taxable","18":"shipping-taxable","19":"purchasable","20":"product-type-simple"},"yoast_head":"<!-- This site is optimized with the Yoast SEO plugin v27.6 - https:\/\/yoast.com\/product\/yoast-seo-wordpress\/ -->\n<title>REEL, RM200B PAL W\/D2B DRUM - ISO-CE inc.<\/title>\n<meta name=\"description\" content=\"Bobine de 165 pied de c\u00e2ble pour cam\u00e9ra couleur. Syst\u00e8mes d&#039;inspections professionnelles pour conduits \u00e9troits.\" \/>\n<meta name=\"robots\" content=\"index, follow, max-snippet:-1, max-image-preview:large, max-video-preview:-1\" \/>\n<link rel=\"canonical\" href=\"https:\/\/www.iso-ce.com\/produit\/reel-rm200b-pal-w-d2b-drum\/\" \/>\n<meta property=\"og:locale\" content=\"en_US\" \/>\n<meta property=\"og:type\" content=\"article\" \/>\n<meta property=\"og:title\" content=\"REEL, RM200B PAL W\/D2B DRUM - ISO-CE inc.\" \/>\n<meta property=\"og:description\" content=\"Bobine de 165 pied de c\u00e2ble pour cam\u00e9ra couleur. Syst\u00e8mes d&#039;inspections professionnelles pour conduits \u00e9troits.\" \/>\n<meta property=\"og:url\" content=\"https:\/\/www.iso-ce.com\/produit\/reel-rm200b-pal-w-d2b-drum\/\" \/>\n<meta property=\"og:site_name\" content=\"ISO-CE inc.\" \/>\n<meta property=\"article:publisher\" content=\"https:\/\/www.facebook.com\/pages\/ISO-cE\/1600971703559642\/\" \/>\n<meta property=\"article:modified_time\" content=\"2024-12-03T13:17:05+00:00\" \/>\n<meta property=\"og:image\" content=\"https:\/\/www.iso-ce.com\/wp-content\/uploads\/2021\/03\/64946_RIDGID_CS6x-Versa-Monitor_w-42348_Max-rM200-Camera_left_72dpi.jpg\" \/>\n\t<meta property=\"og:image:width\" content=\"385\" \/>\n\t<meta property=\"og:image:height\" content=\"385\" \/>\n\t<meta property=\"og:image:type\" content=\"image\/jpeg\" \/>\n<meta name=\"twitter:card\" content=\"summary_large_image\" \/>\n<meta name=\"twitter:label1\" content=\"Price\" \/>\n\t<meta name=\"twitter:data1\" content=\"15,264.04&#036;\" \/>\n\t<meta name=\"twitter:label2\" content=\"Availability\" \/>\n\t<meta name=\"twitter:data2\" content=\"In stock\" \/>\n<script type=\"application\/ld+json\" class=\"yoast-schema-graph\">{\"@context\":\"https:\\\/\\\/schema.org\",\"@graph\":[{\"@type\":\"WebPage\",\"@id\":\"https:\\\/\\\/www.iso-ce.com\\\/produit\\\/reel-rm200b-pal-w-d2b-drum\\\/\",\"url\":\"https:\\\/\\\/www.iso-ce.com\\\/produit\\\/reel-rm200b-pal-w-d2b-drum\\\/\",\"name\":\"REEL, RM200B PAL W\\\/D2B DRUM - ISO-CE inc.\",\"isPartOf\":{\"@id\":\"https:\\\/\\\/www.iso-ce.com\\\/#website\"},\"primaryImageOfPage\":{\"@id\":\"https:\\\/\\\/www.iso-ce.com\\\/produit\\\/reel-rm200b-pal-w-d2b-drum\\\/#primaryimage\"},\"image\":{\"@id\":\"https:\\\/\\\/www.iso-ce.com\\\/produit\\\/reel-rm200b-pal-w-d2b-drum\\\/#primaryimage\"},\"thumbnailUrl\":\"https:\\\/\\\/www.iso-ce.com\\\/wp-content\\\/uploads\\\/2021\\\/03\\\/64946_RIDGID_CS6x-Versa-Monitor_w-42348_Max-rM200-Camera_left_72dpi.jpg\",\"datePublished\":\"2021-05-03T13:16:30+00:00\",\"dateModified\":\"2024-12-03T13:17:05+00:00\",\"description\":\"Bobine de 165 pied de c\u00e2ble pour cam\u00e9ra couleur. Syst\u00e8mes d'inspections professionnelles pour conduits \u00e9troits.\",\"breadcrumb\":{\"@id\":\"https:\\\/\\\/www.iso-ce.com\\\/produit\\\/reel-rm200b-pal-w-d2b-drum\\\/#breadcrumb\"},\"inLanguage\":\"en-US\",\"potentialAction\":[{\"@type\":\"ReadAction\",\"target\":[\"https:\\\/\\\/www.iso-ce.com\\\/produit\\\/reel-rm200b-pal-w-d2b-drum\\\/\"]}]},{\"@type\":\"ImageObject\",\"inLanguage\":\"en-US\",\"@id\":\"https:\\\/\\\/www.iso-ce.com\\\/produit\\\/reel-rm200b-pal-w-d2b-drum\\\/#primaryimage\",\"url\":\"https:\\\/\\\/www.iso-ce.com\\\/wp-content\\\/uploads\\\/2021\\\/03\\\/64946_RIDGID_CS6x-Versa-Monitor_w-42348_Max-rM200-Camera_left_72dpi.jpg\",\"contentUrl\":\"https:\\\/\\\/www.iso-ce.com\\\/wp-content\\\/uploads\\\/2021\\\/03\\\/64946_RIDGID_CS6x-Versa-Monitor_w-42348_Max-rM200-Camera_left_72dpi.jpg\",\"width\":385,\"height\":385},{\"@type\":\"BreadcrumbList\",\"@id\":\"https:\\\/\\\/www.iso-ce.com\\\/produit\\\/reel-rm200b-pal-w-d2b-drum\\\/#breadcrumb\",\"itemListElement\":[{\"@type\":\"ListItem\",\"position\":1,\"name\":\"Boutique RIDGID\",\"item\":\"https:\\\/\\\/www.iso-ce.com\\\/en\\\/home\\\/\"},{\"@type\":\"ListItem\",\"position\":2,\"name\":\"RIDGID Shop\",\"item\":\"https:\\\/\\\/www.iso-ce.com\\\/en\\\/shop-ridgid\\\/\"},{\"@type\":\"ListItem\",\"position\":3,\"name\":\"REEL, RM200B PAL W\\\/D2B DRUM\"}]},{\"@type\":\"WebSite\",\"@id\":\"https:\\\/\\\/www.iso-ce.com\\\/#website\",\"url\":\"https:\\\/\\\/www.iso-ce.com\\\/\",\"name\":\"ISO-CE inc.\",\"description\":\"Outillages Professionnels\",\"publisher\":{\"@id\":\"https:\\\/\\\/www.iso-ce.com\\\/#organization\"},\"potentialAction\":[{\"@type\":\"SearchAction\",\"target\":{\"@type\":\"EntryPoint\",\"urlTemplate\":\"https:\\\/\\\/www.iso-ce.com\\\/?s={search_term_string}\"},\"query-input\":{\"@type\":\"PropertyValueSpecification\",\"valueRequired\":true,\"valueName\":\"search_term_string\"}}],\"inLanguage\":\"en-US\"},{\"@type\":\"Organization\",\"@id\":\"https:\\\/\\\/www.iso-ce.com\\\/#organization\",\"name\":\"ISO-CE inc.\",\"url\":\"https:\\\/\\\/www.iso-ce.com\\\/\",\"logo\":{\"@type\":\"ImageObject\",\"inLanguage\":\"en-US\",\"@id\":\"https:\\\/\\\/www.iso-ce.com\\\/#\\\/schema\\\/logo\\\/image\\\/\",\"url\":\"https:\\\/\\\/www.iso-ce.com\\\/wp-content\\\/uploads\\\/2022\\\/06\\\/ISO-CE-outils-et-equi-CM-FR.jpg\",\"contentUrl\":\"https:\\\/\\\/www.iso-ce.com\\\/wp-content\\\/uploads\\\/2022\\\/06\\\/ISO-CE-outils-et-equi-CM-FR.jpg\",\"width\":420,\"height\":420,\"caption\":\"ISO-CE inc.\"},\"image\":{\"@id\":\"https:\\\/\\\/www.iso-ce.com\\\/#\\\/schema\\\/logo\\\/image\\\/\"},\"sameAs\":[\"https:\\\/\\\/www.facebook.com\\\/pages\\\/ISO-cE\\\/1600971703559642\\\/\"]}]}<\/script>\n<meta property=\"product:price:amount\" content=\"15264.04\" \/>\n<meta property=\"product:price:currency\" content=\"CAD\" \/>\n<meta property=\"og:availability\" content=\"instock\" \/>\n<meta property=\"product:availability\" content=\"instock\" \/>\n<meta property=\"product:retailer_item_id\" content=\"47533\" \/>\n<meta property=\"product:condition\" content=\"new\" \/>\n<!-- \/ Yoast SEO plugin. -->","yoast_head_json":{"title":"REEL, RM200B PAL W\/D2B DRUM - ISO-CE inc.","description":"Bobine de 165 pied de c\u00e2ble pour cam\u00e9ra couleur. Syst\u00e8mes d'inspections professionnelles pour conduits \u00e9troits.","robots":{"index":"index","follow":"follow","max-snippet":"max-snippet:-1","max-image-preview":"max-image-preview:large","max-video-preview":"max-video-preview:-1"},"canonical":"https:\/\/www.iso-ce.com\/produit\/reel-rm200b-pal-w-d2b-drum\/","og_locale":"en_US","og_type":"article","og_title":"REEL, RM200B PAL W\/D2B DRUM - ISO-CE inc.","og_description":"Bobine de 165 pied de c\u00e2ble pour cam\u00e9ra couleur. Syst\u00e8mes d'inspections professionnelles pour conduits \u00e9troits.","og_url":"https:\/\/www.iso-ce.com\/produit\/reel-rm200b-pal-w-d2b-drum\/","og_site_name":"ISO-CE inc.","article_publisher":"https:\/\/www.facebook.com\/pages\/ISO-cE\/1600971703559642\/","article_modified_time":"2024-12-03T13:17:05+00:00","og_image":[{"width":385,"height":385,"url":"https:\/\/www.iso-ce.com\/wp-content\/uploads\/2021\/03\/64946_RIDGID_CS6x-Versa-Monitor_w-42348_Max-rM200-Camera_left_72dpi.jpg","type":"image\/jpeg"}],"twitter_card":"summary_large_image","twitter_misc":{"Price":"15,264.04&#36;","Availability":"In stock"},"schema":{"@context":"https:\/\/schema.org","@graph":[{"@type":"WebPage","@id":"https:\/\/www.iso-ce.com\/produit\/reel-rm200b-pal-w-d2b-drum\/","url":"https:\/\/www.iso-ce.com\/produit\/reel-rm200b-pal-w-d2b-drum\/","name":"REEL, RM200B PAL W\/D2B DRUM - ISO-CE inc.","isPartOf":{"@id":"https:\/\/www.iso-ce.com\/#website"},"primaryImageOfPage":{"@id":"https:\/\/www.iso-ce.com\/produit\/reel-rm200b-pal-w-d2b-drum\/#primaryimage"},"image":{"@id":"https:\/\/www.iso-ce.com\/produit\/reel-rm200b-pal-w-d2b-drum\/#primaryimage"},"thumbnailUrl":"https:\/\/www.iso-ce.com\/wp-content\/uploads\/2021\/03\/64946_RIDGID_CS6x-Versa-Monitor_w-42348_Max-rM200-Camera_left_72dpi.jpg","datePublished":"2021-05-03T13:16:30+00:00","dateModified":"2024-12-03T13:17:05+00:00","description":"Bobine de 165 pied de c\u00e2ble pour cam\u00e9ra couleur. Syst\u00e8mes d'inspections professionnelles pour conduits \u00e9troits.","breadcrumb":{"@id":"https:\/\/www.iso-ce.com\/produit\/reel-rm200b-pal-w-d2b-drum\/#breadcrumb"},"inLanguage":"en-US","potentialAction":[{"@type":"ReadAction","target":["https:\/\/www.iso-ce.com\/produit\/reel-rm200b-pal-w-d2b-drum\/"]}]},{"@type":"ImageObject","inLanguage":"en-US","@id":"https:\/\/www.iso-ce.com\/produit\/reel-rm200b-pal-w-d2b-drum\/#primaryimage","url":"https:\/\/www.iso-ce.com\/wp-content\/uploads\/2021\/03\/64946_RIDGID_CS6x-Versa-Monitor_w-42348_Max-rM200-Camera_left_72dpi.jpg","contentUrl":"https:\/\/www.iso-ce.com\/wp-content\/uploads\/2021\/03\/64946_RIDGID_CS6x-Versa-Monitor_w-42348_Max-rM200-Camera_left_72dpi.jpg","width":385,"height":385},{"@type":"BreadcrumbList","@id":"https:\/\/www.iso-ce.com\/produit\/reel-rm200b-pal-w-d2b-drum\/#breadcrumb","itemListElement":[{"@type":"ListItem","position":1,"name":"Boutique RIDGID","item":"https:\/\/www.iso-ce.com\/en\/home\/"},{"@type":"ListItem","position":2,"name":"RIDGID Shop","item":"https:\/\/www.iso-ce.com\/en\/shop-ridgid\/"},{"@type":"ListItem","position":3,"name":"REEL, RM200B PAL W\/D2B DRUM"}]},{"@type":"WebSite","@id":"https:\/\/www.iso-ce.com\/#website","url":"https:\/\/www.iso-ce.com\/","name":"ISO-CE inc.","description":"Outillages Professionnels","publisher":{"@id":"https:\/\/www.iso-ce.com\/#organization"},"potentialAction":[{"@type":"SearchAction","target":{"@type":"EntryPoint","urlTemplate":"https:\/\/www.iso-ce.com\/?s={search_term_string}"},"query-input":{"@type":"PropertyValueSpecification","valueRequired":true,"valueName":"search_term_string"}}],"inLanguage":"en-US"},{"@type":"Organization","@id":"https:\/\/www.iso-ce.com\/#organization","name":"ISO-CE inc.","url":"https:\/\/www.iso-ce.com\/","logo":{"@type":"ImageObject","inLanguage":"en-US","@id":"https:\/\/www.iso-ce.com\/#\/schema\/logo\/image\/","url":"https:\/\/www.iso-ce.com\/wp-content\/uploads\/2022\/06\/ISO-CE-outils-et-equi-CM-FR.jpg","contentUrl":"https:\/\/www.iso-ce.com\/wp-content\/uploads\/2022\/06\/ISO-CE-outils-et-equi-CM-FR.jpg","width":420,"height":420,"caption":"ISO-CE inc."},"image":{"@id":"https:\/\/www.iso-ce.com\/#\/schema\/logo\/image\/"},"sameAs":["https:\/\/www.facebook.com\/pages\/ISO-cE\/1600971703559642\/"]}]},"product_price_amount":"15264.04","product_price_currency":"CAD","og_availability":"instock","product_availability":"instock","product_retailer_item_id":"47533","product_condition":"new"},"_links":{"self":[{"href":"https:\/\/www.iso-ce.com\/en\/wp-json\/wp\/v2\/product\/27503","targetHints":{"allow":["GET"]}}],"collection":[{"href":"https:\/\/www.iso-ce.com\/en\/wp-json\/wp\/v2\/product"}],"about":[{"href":"https:\/\/www.iso-ce.com\/en\/wp-json\/wp\/v2\/types\/product"}],"wp:featuredmedia":[{"embeddable":true,"href":"https:\/\/www.iso-ce.com\/en\/wp-json\/wp\/v2\/media\/18886"}],"wp:attachment":[{"href":"https:\/\/www.iso-ce.com\/en\/wp-json\/wp\/v2\/media?parent=27503"}],"wp:term":[{"taxonomy":"product_brand","embeddable":true,"href":"https:\/\/www.iso-ce.com\/en\/wp-json\/wp\/v2\/product_brand?post=27503"},{"taxonomy":"product_cat","embeddable":true,"href":"https:\/\/www.iso-ce.com\/en\/wp-json\/wp\/v2\/product_cat?post=27503"},{"taxonomy":"product_tag","embeddable":true,"href":"https:\/\/www.iso-ce.com\/en\/wp-json\/wp\/v2\/product_tag?post=27503"}],"curies":[{"name":"wp","href":"https:\/\/api.w.org\/{rel}","templated":true}]}}