{"id":26648,"date":"2021-05-03T08:13:07","date_gmt":"2021-05-03T13:13:07","guid":{"rendered":"https:\/\/www.iso-ce.com\/?post_type=product&#038;p=26648"},"modified":"2024-12-03T09:08:44","modified_gmt":"2024-12-03T14:08:44","slug":"system-compact-2versabc-li","status":"publish","type":"product","link":"https:\/\/www.iso-ce.com\/en\/product\/system-compact-2versabc-li\/","title":{"rendered":"SYSTEM, COMPACT 2+VERSA+B&#038;C LI"},"content":{"rendered":"<h2>Caract\u00e9ristiques<\/h2>\n<ul class=\"bullet\">\n<li>\u00a0Fixation rapide pour le Cs6x versa.<\/li>\n<li>Base en m\u00e9tal solide qui rend la pouss\u00e9e et la r\u00e9cup\u00e9ration du c\u00e2ble plus ais\u00e9.<\/li>\n<li>C\u00e2ble \u00e0 longue port\u00e9e qui pr\u00e9serve une rigidit\u00e9 suffisante pour les virages.<\/li>\n<li>Viens dans le populaire Compact formfactor. C&#8217;est une solution tout en un.<\/li>\n<li>Facilit\u00e9 de rentrer dans des tuyaux ayant des diam\u00e8tres plus restreints sans affecter la navigation dans les virages serr\u00e9s.<\/li>\n<\/ul>\n<h2>Sp\u00e9cifications<\/h2>\n<ul>\n<li>Capacit\u00e9 de ligne 1,5&#8243; \u00e0 6&#8243; (40 mm \u00e0 150 mm)<\/li>\n<li>Longueur du c\u00e2ble de pouss\u00e9e 30 m (100&#8242;)<\/li>\n<li>Diam\u00e8tre du c\u00e2ble de pouss\u00e9e 6,7 mm (0,27&#8243;) avec \u00e2me en fibre de verre de 3 mm [0,12 in].<\/li>\n<li>Rayon minimal de courbure du c\u00e2ble de pouss\u00e9e 63,5 mm (2.5&#8243;)<\/li>\n<li>Poids (sans piles) 7,5 kg (16,6 lbs.) (7,5 kg)<\/li>\n<li>Taille Longueur 63,5 cm, Largeur 35,6 cm, Hauteur 43,2 cm<\/li>\n<li>Type de cam\u00e9ra 25 mm (1&#8243;) \u00e0 nivellement automatique<\/li>\n<li>R\u00e9solution 656 x 492 (NTSC), 768 X 576 (PAL)<\/li>\n<li>Source lumineuse 6 LEDs<\/li>\n<li>Sonde 512 Hz<\/li>\n<li>Temp\u00e9rature de fonctionnement 0\u00b0C \u00e0 40\u00b0C (32\u00b0F \u00e0 104\u00b0F)<\/li>\n<li>Temp\u00e9rature de stockage -10\u00b0C \u00e0 70\u00b0C (14\u00b0F \u00e0 158\u00b0F)<\/li>\n<li>Protection contre les intrusions sans moniteur IPx5<\/li>\n<\/ul>\n","protected":false},"excerpt":{"rendered":"<p>Le SeeSnake\u00ae Compact 2 System avec\u00a0 le moniteur CS6x Versa offre une performance impressionnante dans un petit emballage. Pour 30m de c\u00e2ble de pouss\u00e9e avec 63mm minimum de rayons de courbure. La t\u00e8te \u00e0 nivellement automatique affiche toujours une image verticale. Surveillance d&#8217;enregistrement num\u00e9rique sur Wi-Fi avec des r\u00e9glages simples et optimaux de la t\u00e2che \u00e0 effectuer. Pench\u00e9 le moniteur dans l&#8217;angle d\u00e9sir\u00e9 ou retir\u00e9 le pour le positionner \u00e0 l&#8217;endroit d\u00e9sir\u00e9.<\/p>\n","protected":false},"featured_media":18872,"template":"","meta":{"site-sidebar-layout":"default","site-content-layout":"","ast-site-content-layout":"","site-content-style":"default","site-sidebar-style":"default","ast-global-header-display":"","ast-banner-title-visibility":"","ast-main-header-display":"","ast-hfb-above-header-display":"","ast-hfb-below-header-display":"","ast-hfb-mobile-header-display":"","site-post-title":"","ast-breadcrumbs-content":"","ast-featured-img":"","footer-sml-layout":"","theme-transparent-header-meta":"","adv-header-id-meta":"","stick-header-meta":"","header-above-stick-meta":"","header-main-stick-meta":"","header-below-stick-meta":"","astra-migrate-meta-layouts":"default","ast-page-background-enabled":"default","ast-page-background-meta":{"desktop":{"background-color":"","background-image":"","background-repeat":"repeat","background-position":"center center","background-size":"auto","background-attachment":"scroll","background-type":"","background-media":"","overlay-type":"","overlay-color":"","overlay-opacity":"","overlay-gradient":""},"tablet":{"background-color":"","background-image":"","background-repeat":"repeat","background-position":"center center","background-size":"auto","background-attachment":"scroll","background-type":"","background-media":"","overlay-type":"","overlay-color":"","overlay-opacity":"","overlay-gradient":""},"mobile":{"background-color":"","background-image":"","background-repeat":"repeat","background-position":"center center","background-size":"auto","background-attachment":"scroll","background-type":"","background-media":"","overlay-type":"","overlay-color":"","overlay-opacity":"","overlay-gradient":""}},"ast-content-background-meta":{"desktop":{"background-color":"var(--ast-global-color-5)","background-image":"","background-repeat":"repeat","background-position":"center center","background-size":"auto","background-attachment":"scroll","background-type":"","background-media":"","overlay-type":"","overlay-color":"","overlay-opacity":"","overlay-gradient":""},"tablet":{"background-color":"var(--ast-global-color-5)","background-image":"","background-repeat":"repeat","background-position":"center center","background-size":"auto","background-attachment":"scroll","background-type":"","background-media":"","overlay-type":"","overlay-color":"","overlay-opacity":"","overlay-gradient":""},"mobile":{"background-color":"var(--ast-global-color-5)","background-image":"","background-repeat":"repeat","background-position":"center center","background-size":"auto","background-attachment":"scroll","background-type":"","background-media":"","overlay-type":"","overlay-color":"","overlay-opacity":"","overlay-gradient":""}}},"product_brand":[],"product_cat":[1327,2676],"product_tag":[],"class_list":{"0":"post-26648","1":"product","2":"type-product","3":"status-publish","4":"has-post-thumbnail","6":"product_cat-devidoirs-et-cameras","7":"product_cat-ridgid","8":"desktop-align-center","9":"tablet-align-center","10":"mobile-align-center","11":"ast-product-gallery-layout-horizontal","12":"ast-product-gallery-with-no-image","13":"ast-product-tabs-layout-horizontal","15":"first","16":"instock","17":"sale","18":"taxable","19":"shipping-taxable","20":"purchasable","21":"product-type-simple"},"yoast_head":"<!-- This site is optimized with the Yoast SEO plugin v27.6 - https:\/\/yoast.com\/product\/yoast-seo-wordpress\/ -->\n<title>SYSTEM, COMPACT 2+VERSA+B&amp;C LI - ISO-CE inc.<\/title>\n<meta name=\"description\" content=\"Le SeeSnake\u00ae Compact 2 System avec\u00a0 le moniteur CS6x Versa offre une performance impressionnante dans un petit emballage. Pour 30m de c\u00e2ble de pouss\u00e9e avec 63mm minimum de rayons de courbure. La t\u00e8te \u00e0 nivellement automatique affiche toujours une image verticale. Surveillance d&#039;enregistrement num\u00e9rique sur Wi-Fi avec des r\u00e9glages simples et optimaux de la t\u00e2che \u00e0 effectuer. Pench\u00e9 le moniteur dans l&#039;angle d\u00e9sir\u00e9 ou retir\u00e9 le pour le positionner \u00e0 l&#039;endroit d\u00e9sir\u00e9.\" \/>\n<meta name=\"robots\" content=\"index, follow, max-snippet:-1, max-image-preview:large, max-video-preview:-1\" \/>\n<link rel=\"canonical\" href=\"https:\/\/www.iso-ce.com\/produit\/system-compact-2versabc-li\/\" \/>\n<meta property=\"og:locale\" content=\"en_US\" \/>\n<meta property=\"og:type\" content=\"article\" \/>\n<meta property=\"og:title\" content=\"SYSTEM, COMPACT 2+VERSA+B&amp;C LI - ISO-CE inc.\" \/>\n<meta property=\"og:description\" content=\"Le SeeSnake\u00ae Compact 2 System avec\u00a0 le moniteur CS6x Versa offre une performance impressionnante dans un petit emballage. Pour 30m de c\u00e2ble de pouss\u00e9e avec 63mm minimum de rayons de courbure. La t\u00e8te \u00e0 nivellement automatique affiche toujours une image verticale. Surveillance d&#039;enregistrement num\u00e9rique sur Wi-Fi avec des r\u00e9glages simples et optimaux de la t\u00e2che \u00e0 effectuer. Pench\u00e9 le moniteur dans l&#039;angle d\u00e9sir\u00e9 ou retir\u00e9 le pour le positionner \u00e0 l&#039;endroit d\u00e9sir\u00e9.\" \/>\n<meta property=\"og:url\" content=\"https:\/\/www.iso-ce.com\/produit\/system-compact-2versabc-li\/\" \/>\n<meta property=\"og:site_name\" content=\"ISO-CE inc.\" \/>\n<meta property=\"article:publisher\" content=\"https:\/\/www.facebook.com\/pages\/ISO-cE\/1600971703559642\/\" \/>\n<meta property=\"article:modified_time\" content=\"2024-12-03T14:08:44+00:00\" \/>\n<meta property=\"og:image\" content=\"https:\/\/www.iso-ce.com\/wp-content\/uploads\/2021\/03\/ridgid-63818-seesnake-compact-m40-camera-system-with-trusense-and-battery.jpg\" \/>\n\t<meta property=\"og:image:width\" content=\"270\" \/>\n\t<meta property=\"og:image:height\" content=\"293\" \/>\n\t<meta property=\"og:image:type\" content=\"image\/jpeg\" \/>\n<meta name=\"twitter:card\" content=\"summary_large_image\" \/>\n<meta name=\"twitter:label1\" content=\"Price\" \/>\n\t<meta name=\"twitter:data1\" content=\"13,495.61&#036;\" \/>\n\t<meta name=\"twitter:label2\" content=\"Availability\" \/>\n\t<meta name=\"twitter:data2\" content=\"In stock\" \/>\n<script type=\"application\/ld+json\" class=\"yoast-schema-graph\">{\"@context\":\"https:\\\/\\\/schema.org\",\"@graph\":[{\"@type\":\"WebPage\",\"@id\":\"https:\\\/\\\/www.iso-ce.com\\\/produit\\\/system-compact-2versabc-li\\\/\",\"url\":\"https:\\\/\\\/www.iso-ce.com\\\/produit\\\/system-compact-2versabc-li\\\/\",\"name\":\"SYSTEM, COMPACT 2+VERSA+B&C LI - ISO-CE inc.\",\"isPartOf\":{\"@id\":\"https:\\\/\\\/www.iso-ce.com\\\/#website\"},\"primaryImageOfPage\":{\"@id\":\"https:\\\/\\\/www.iso-ce.com\\\/produit\\\/system-compact-2versabc-li\\\/#primaryimage\"},\"image\":{\"@id\":\"https:\\\/\\\/www.iso-ce.com\\\/produit\\\/system-compact-2versabc-li\\\/#primaryimage\"},\"thumbnailUrl\":\"https:\\\/\\\/www.iso-ce.com\\\/wp-content\\\/uploads\\\/2021\\\/03\\\/ridgid-63818-seesnake-compact-m40-camera-system-with-trusense-and-battery.jpg\",\"datePublished\":\"2021-05-03T13:13:07+00:00\",\"dateModified\":\"2024-12-03T14:08:44+00:00\",\"description\":\"Le SeeSnake\u00ae Compact 2 System avec\u00a0 le moniteur CS6x Versa offre une performance impressionnante dans un petit emballage. Pour 30m de c\u00e2ble de pouss\u00e9e avec 63mm minimum de rayons de courbure. La t\u00e8te \u00e0 nivellement automatique affiche toujours une image verticale. Surveillance d'enregistrement num\u00e9rique sur Wi-Fi avec des r\u00e9glages simples et optimaux de la t\u00e2che \u00e0 effectuer. Pench\u00e9 le moniteur dans l'angle d\u00e9sir\u00e9 ou retir\u00e9 le pour le positionner \u00e0 l'endroit d\u00e9sir\u00e9.\",\"breadcrumb\":{\"@id\":\"https:\\\/\\\/www.iso-ce.com\\\/produit\\\/system-compact-2versabc-li\\\/#breadcrumb\"},\"inLanguage\":\"en-US\",\"potentialAction\":[{\"@type\":\"ReadAction\",\"target\":[\"https:\\\/\\\/www.iso-ce.com\\\/produit\\\/system-compact-2versabc-li\\\/\"]}]},{\"@type\":\"ImageObject\",\"inLanguage\":\"en-US\",\"@id\":\"https:\\\/\\\/www.iso-ce.com\\\/produit\\\/system-compact-2versabc-li\\\/#primaryimage\",\"url\":\"https:\\\/\\\/www.iso-ce.com\\\/wp-content\\\/uploads\\\/2021\\\/03\\\/ridgid-63818-seesnake-compact-m40-camera-system-with-trusense-and-battery.jpg\",\"contentUrl\":\"https:\\\/\\\/www.iso-ce.com\\\/wp-content\\\/uploads\\\/2021\\\/03\\\/ridgid-63818-seesnake-compact-m40-camera-system-with-trusense-and-battery.jpg\",\"width\":270,\"height\":293},{\"@type\":\"BreadcrumbList\",\"@id\":\"https:\\\/\\\/www.iso-ce.com\\\/produit\\\/system-compact-2versabc-li\\\/#breadcrumb\",\"itemListElement\":[{\"@type\":\"ListItem\",\"position\":1,\"name\":\"Boutique RIDGID\",\"item\":\"https:\\\/\\\/www.iso-ce.com\\\/en\\\/home\\\/\"},{\"@type\":\"ListItem\",\"position\":2,\"name\":\"RIDGID Shop\",\"item\":\"https:\\\/\\\/www.iso-ce.com\\\/en\\\/shop-ridgid\\\/\"},{\"@type\":\"ListItem\",\"position\":3,\"name\":\"SYSTEM, COMPACT 2+VERSA+B&#038;C LI\"}]},{\"@type\":\"WebSite\",\"@id\":\"https:\\\/\\\/www.iso-ce.com\\\/#website\",\"url\":\"https:\\\/\\\/www.iso-ce.com\\\/\",\"name\":\"ISO-CE inc.\",\"description\":\"Outillages Professionnels\",\"publisher\":{\"@id\":\"https:\\\/\\\/www.iso-ce.com\\\/#organization\"},\"potentialAction\":[{\"@type\":\"SearchAction\",\"target\":{\"@type\":\"EntryPoint\",\"urlTemplate\":\"https:\\\/\\\/www.iso-ce.com\\\/?s={search_term_string}\"},\"query-input\":{\"@type\":\"PropertyValueSpecification\",\"valueRequired\":true,\"valueName\":\"search_term_string\"}}],\"inLanguage\":\"en-US\"},{\"@type\":\"Organization\",\"@id\":\"https:\\\/\\\/www.iso-ce.com\\\/#organization\",\"name\":\"ISO-CE inc.\",\"url\":\"https:\\\/\\\/www.iso-ce.com\\\/\",\"logo\":{\"@type\":\"ImageObject\",\"inLanguage\":\"en-US\",\"@id\":\"https:\\\/\\\/www.iso-ce.com\\\/#\\\/schema\\\/logo\\\/image\\\/\",\"url\":\"https:\\\/\\\/www.iso-ce.com\\\/wp-content\\\/uploads\\\/2022\\\/06\\\/ISO-CE-outils-et-equi-CM-FR.jpg\",\"contentUrl\":\"https:\\\/\\\/www.iso-ce.com\\\/wp-content\\\/uploads\\\/2022\\\/06\\\/ISO-CE-outils-et-equi-CM-FR.jpg\",\"width\":420,\"height\":420,\"caption\":\"ISO-CE inc.\"},\"image\":{\"@id\":\"https:\\\/\\\/www.iso-ce.com\\\/#\\\/schema\\\/logo\\\/image\\\/\"},\"sameAs\":[\"https:\\\/\\\/www.facebook.com\\\/pages\\\/ISO-cE\\\/1600971703559642\\\/\"]}]}<\/script>\n<meta property=\"product:price:amount\" content=\"13495.61\" \/>\n<meta property=\"product:price:currency\" content=\"CAD\" \/>\n<meta property=\"og:availability\" content=\"instock\" \/>\n<meta property=\"product:availability\" content=\"instock\" \/>\n<meta property=\"product:retailer_item_id\" content=\"65103\" \/>\n<meta property=\"product:condition\" content=\"new\" \/>\n<!-- \/ Yoast SEO plugin. -->","yoast_head_json":{"title":"SYSTEM, COMPACT 2+VERSA+B&C LI - ISO-CE inc.","description":"Le SeeSnake\u00ae Compact 2 System avec\u00a0 le moniteur CS6x Versa offre une performance impressionnante dans un petit emballage. Pour 30m de c\u00e2ble de pouss\u00e9e avec 63mm minimum de rayons de courbure. La t\u00e8te \u00e0 nivellement automatique affiche toujours une image verticale. Surveillance d'enregistrement num\u00e9rique sur Wi-Fi avec des r\u00e9glages simples et optimaux de la t\u00e2che \u00e0 effectuer. Pench\u00e9 le moniteur dans l'angle d\u00e9sir\u00e9 ou retir\u00e9 le pour le positionner \u00e0 l'endroit d\u00e9sir\u00e9.","robots":{"index":"index","follow":"follow","max-snippet":"max-snippet:-1","max-image-preview":"max-image-preview:large","max-video-preview":"max-video-preview:-1"},"canonical":"https:\/\/www.iso-ce.com\/produit\/system-compact-2versabc-li\/","og_locale":"en_US","og_type":"article","og_title":"SYSTEM, COMPACT 2+VERSA+B&C LI - ISO-CE inc.","og_description":"Le SeeSnake\u00ae Compact 2 System avec\u00a0 le moniteur CS6x Versa offre une performance impressionnante dans un petit emballage. Pour 30m de c\u00e2ble de pouss\u00e9e avec 63mm minimum de rayons de courbure. La t\u00e8te \u00e0 nivellement automatique affiche toujours une image verticale. Surveillance d'enregistrement num\u00e9rique sur Wi-Fi avec des r\u00e9glages simples et optimaux de la t\u00e2che \u00e0 effectuer. Pench\u00e9 le moniteur dans l'angle d\u00e9sir\u00e9 ou retir\u00e9 le pour le positionner \u00e0 l'endroit d\u00e9sir\u00e9.","og_url":"https:\/\/www.iso-ce.com\/produit\/system-compact-2versabc-li\/","og_site_name":"ISO-CE inc.","article_publisher":"https:\/\/www.facebook.com\/pages\/ISO-cE\/1600971703559642\/","article_modified_time":"2024-12-03T14:08:44+00:00","og_image":[{"width":270,"height":293,"url":"https:\/\/www.iso-ce.com\/wp-content\/uploads\/2021\/03\/ridgid-63818-seesnake-compact-m40-camera-system-with-trusense-and-battery.jpg","type":"image\/jpeg"}],"twitter_card":"summary_large_image","twitter_misc":{"Price":"13,495.61&#36;","Availability":"In stock"},"schema":{"@context":"https:\/\/schema.org","@graph":[{"@type":"WebPage","@id":"https:\/\/www.iso-ce.com\/produit\/system-compact-2versabc-li\/","url":"https:\/\/www.iso-ce.com\/produit\/system-compact-2versabc-li\/","name":"SYSTEM, COMPACT 2+VERSA+B&C LI - ISO-CE inc.","isPartOf":{"@id":"https:\/\/www.iso-ce.com\/#website"},"primaryImageOfPage":{"@id":"https:\/\/www.iso-ce.com\/produit\/system-compact-2versabc-li\/#primaryimage"},"image":{"@id":"https:\/\/www.iso-ce.com\/produit\/system-compact-2versabc-li\/#primaryimage"},"thumbnailUrl":"https:\/\/www.iso-ce.com\/wp-content\/uploads\/2021\/03\/ridgid-63818-seesnake-compact-m40-camera-system-with-trusense-and-battery.jpg","datePublished":"2021-05-03T13:13:07+00:00","dateModified":"2024-12-03T14:08:44+00:00","description":"Le SeeSnake\u00ae Compact 2 System avec\u00a0 le moniteur CS6x Versa offre une performance impressionnante dans un petit emballage. Pour 30m de c\u00e2ble de pouss\u00e9e avec 63mm minimum de rayons de courbure. La t\u00e8te \u00e0 nivellement automatique affiche toujours une image verticale. Surveillance d'enregistrement num\u00e9rique sur Wi-Fi avec des r\u00e9glages simples et optimaux de la t\u00e2che \u00e0 effectuer. Pench\u00e9 le moniteur dans l'angle d\u00e9sir\u00e9 ou retir\u00e9 le pour le positionner \u00e0 l'endroit d\u00e9sir\u00e9.","breadcrumb":{"@id":"https:\/\/www.iso-ce.com\/produit\/system-compact-2versabc-li\/#breadcrumb"},"inLanguage":"en-US","potentialAction":[{"@type":"ReadAction","target":["https:\/\/www.iso-ce.com\/produit\/system-compact-2versabc-li\/"]}]},{"@type":"ImageObject","inLanguage":"en-US","@id":"https:\/\/www.iso-ce.com\/produit\/system-compact-2versabc-li\/#primaryimage","url":"https:\/\/www.iso-ce.com\/wp-content\/uploads\/2021\/03\/ridgid-63818-seesnake-compact-m40-camera-system-with-trusense-and-battery.jpg","contentUrl":"https:\/\/www.iso-ce.com\/wp-content\/uploads\/2021\/03\/ridgid-63818-seesnake-compact-m40-camera-system-with-trusense-and-battery.jpg","width":270,"height":293},{"@type":"BreadcrumbList","@id":"https:\/\/www.iso-ce.com\/produit\/system-compact-2versabc-li\/#breadcrumb","itemListElement":[{"@type":"ListItem","position":1,"name":"Boutique RIDGID","item":"https:\/\/www.iso-ce.com\/en\/home\/"},{"@type":"ListItem","position":2,"name":"RIDGID Shop","item":"https:\/\/www.iso-ce.com\/en\/shop-ridgid\/"},{"@type":"ListItem","position":3,"name":"SYSTEM, COMPACT 2+VERSA+B&#038;C LI"}]},{"@type":"WebSite","@id":"https:\/\/www.iso-ce.com\/#website","url":"https:\/\/www.iso-ce.com\/","name":"ISO-CE inc.","description":"Outillages Professionnels","publisher":{"@id":"https:\/\/www.iso-ce.com\/#organization"},"potentialAction":[{"@type":"SearchAction","target":{"@type":"EntryPoint","urlTemplate":"https:\/\/www.iso-ce.com\/?s={search_term_string}"},"query-input":{"@type":"PropertyValueSpecification","valueRequired":true,"valueName":"search_term_string"}}],"inLanguage":"en-US"},{"@type":"Organization","@id":"https:\/\/www.iso-ce.com\/#organization","name":"ISO-CE inc.","url":"https:\/\/www.iso-ce.com\/","logo":{"@type":"ImageObject","inLanguage":"en-US","@id":"https:\/\/www.iso-ce.com\/#\/schema\/logo\/image\/","url":"https:\/\/www.iso-ce.com\/wp-content\/uploads\/2022\/06\/ISO-CE-outils-et-equi-CM-FR.jpg","contentUrl":"https:\/\/www.iso-ce.com\/wp-content\/uploads\/2022\/06\/ISO-CE-outils-et-equi-CM-FR.jpg","width":420,"height":420,"caption":"ISO-CE inc."},"image":{"@id":"https:\/\/www.iso-ce.com\/#\/schema\/logo\/image\/"},"sameAs":["https:\/\/www.facebook.com\/pages\/ISO-cE\/1600971703559642\/"]}]},"product_price_amount":"13495.61","product_price_currency":"CAD","og_availability":"instock","product_availability":"instock","product_retailer_item_id":"65103","product_condition":"new"},"_links":{"self":[{"href":"https:\/\/www.iso-ce.com\/en\/wp-json\/wp\/v2\/product\/26648","targetHints":{"allow":["GET"]}}],"collection":[{"href":"https:\/\/www.iso-ce.com\/en\/wp-json\/wp\/v2\/product"}],"about":[{"href":"https:\/\/www.iso-ce.com\/en\/wp-json\/wp\/v2\/types\/product"}],"wp:featuredmedia":[{"embeddable":true,"href":"https:\/\/www.iso-ce.com\/en\/wp-json\/wp\/v2\/media\/18872"}],"wp:attachment":[{"href":"https:\/\/www.iso-ce.com\/en\/wp-json\/wp\/v2\/media?parent=26648"}],"wp:term":[{"taxonomy":"product_brand","embeddable":true,"href":"https:\/\/www.iso-ce.com\/en\/wp-json\/wp\/v2\/product_brand?post=26648"},{"taxonomy":"product_cat","embeddable":true,"href":"https:\/\/www.iso-ce.com\/en\/wp-json\/wp\/v2\/product_cat?post=26648"},{"taxonomy":"product_tag","embeddable":true,"href":"https:\/\/www.iso-ce.com\/en\/wp-json\/wp\/v2\/product_tag?post=26648"}],"curies":[{"name":"wp","href":"https:\/\/api.w.org\/{rel}","templated":true}]}}