{"id":26139,"date":"2021-05-03T08:11:04","date_gmt":"2021-05-03T13:11:04","guid":{"rendered":"https:\/\/www.iso-ce.com\/?post_type=product&#038;p=26139"},"modified":"2024-12-03T09:14:14","modified_gmt":"2024-12-03T14:14:14","slug":"535m-230v-36-rpm-811-bspt-dh","status":"publish","type":"product","link":"https:\/\/www.iso-ce.com\/en\/product\/535m-230v-36-rpm-811-bspt-dh\/","title":{"rendered":"535M 220-240V 36 RPM 811 BSPT"},"content":{"rendered":"<h2>Caract\u00e9ristiques<\/h2>\n<ul class=\"bullet\">\n<li>Le mandarin \u00e0 action oscillante agrippe et stabilise rapidement la pi\u00e8ce \u00e0 travailler<\/li>\n<li>Grand r\u00e9servoir d&#8217;huile de 6,6 l (1,75 gallon).<\/li>\n<li>Grand bac \u00e0 copeaux.<\/li>\n<li>Grande surface pour garder outils et mat\u00e9riaux \u00e0 port\u00e9 de main<\/li>\n<li>Filetage plus simple gr\u00e2ce ay chariot \u00e0 haut d\u00e9gagement<\/li>\n<li>Utilisable avec la fileteuse \u00e0 engrenage 141 et 161<\/li>\n<li>Utilise les t\u00eates de filetage semi-automatiques mod\u00e8le 816\/817, \u00e0 ouverture automatique mod\u00e8le 815A ou \u00e0 ouverture rapide mod\u00e8le 811A.<\/li>\n<li>R\u00e8gle de longueur pour coupe optimale.<\/li>\n<\/ul>\n<h2>Accessoires<\/h2>\n<ul>\n<li>T\u00eates et matrices.<\/li>\n<li>Supports pour t\u00eates d&#8217;extrusion.<\/li>\n<li>Trois mod\u00e8les de supports disponibles.<\/li>\n<li>Huile de coupe pour filetage.<\/li>\n<li>Mandrin \u00e0 mamelon.<\/li>\n<\/ul>\n<div class=\"content-section-customHtml\">\n<h2>Sp\u00e9cifications<\/h2>\n<ul>\n<li>Capacit\u00e9 du tube 1\/8&#8243;-2&#8243; (3 mm-50 mm) 2 1\/2&#8243;-4&#8243; (62 mm-100 mm) avec filetage 141.<\/li>\n<li>Capacit\u00e9 de boulons 1\/4&#8243;-2&#8243; (8 mm-50 mm).<\/li>\n<li>Commutateurs Marche avant\/arr\u00eat\/marche arri\u00e8re et interrupteur \u00e0 pied de s\u00e9curit\u00e9 int\u00e9gr\u00e9.<\/li>\n<li>Mandrin Automatique avec quatre mors forg\u00e9s r\u00e9versibles.<\/li>\n<li>Dispositif de centrage arri\u00e8re Automatique, centrage uniquement.<\/li>\n<li>Couteaux Auto-centrage, \u00e0 flottement int\u00e9gral. Deux mod\u00e8les disponibles :<\/li>\n<li>Mod\u00e8le 820 : coupeur \u00e0 molette, capacit\u00e9 de coupe de 6 \u00e0 50 mm pour les tuyaux et de 8 \u00e0 25 mm pour les boulons.<\/li>\n<li>Mod\u00e8le 821 : coupeur \u00e0 lame, capacit\u00e9 du tube 1\/2-2&#8221; (15-50 mm).<\/li>\n<li>Al\u00e9soir c\u00f4ne \u00e0 5 cannelures, RH, 1\/8&#8243;-2&#8243; (3 mm-50 mm).<\/li>\n<li>Pompe \u00e0 huile Pompe \u00e0 huile gerotor auto-amor\u00e7ante.<\/li>\n<li>Al\u00e9soir combin\u00e9 RH\/LH disponible.<\/li>\n<\/ul>\n<\/div>\n","protected":false},"excerpt":{"rendered":"<p>Le mod\u00e8le 535A conserve son r\u00f4le du pilier de l&#8217;efficacit\u00e9 de l&#8217;industrie tout en additionnant des caract\u00e9ristiques qui rendent les travaux de filetage plus optimaux. Pour un travail \u00e0 long terme sans interruption, le 535A est l&#8217;outil de pr\u00e9dilection gr\u00e2ce \u00e0 son grand bac \u00e0 copeaux et un r\u00e9servoir d&#8217;huile. Con\u00e7ues pour offrir un temps d&#8217;utilisation maximal.<\/p>\n","protected":false},"featured_media":15973,"template":"","meta":{"site-sidebar-layout":"default","site-content-layout":"","ast-site-content-layout":"","site-content-style":"default","site-sidebar-style":"default","ast-global-header-display":"","ast-banner-title-visibility":"","ast-main-header-display":"","ast-hfb-above-header-display":"","ast-hfb-below-header-display":"","ast-hfb-mobile-header-display":"","site-post-title":"","ast-breadcrumbs-content":"","ast-featured-img":"","footer-sml-layout":"","theme-transparent-header-meta":"","adv-header-id-meta":"","stick-header-meta":"","header-above-stick-meta":"","header-main-stick-meta":"","header-below-stick-meta":"","astra-migrate-meta-layouts":"default","ast-page-background-enabled":"default","ast-page-background-meta":{"desktop":{"background-color":"","background-image":"","background-repeat":"repeat","background-position":"center center","background-size":"auto","background-attachment":"scroll","background-type":"","background-media":"","overlay-type":"","overlay-color":"","overlay-opacity":"","overlay-gradient":""},"tablet":{"background-color":"","background-image":"","background-repeat":"repeat","background-position":"center center","background-size":"auto","background-attachment":"scroll","background-type":"","background-media":"","overlay-type":"","overlay-color":"","overlay-opacity":"","overlay-gradient":""},"mobile":{"background-color":"","background-image":"","background-repeat":"repeat","background-position":"center center","background-size":"auto","background-attachment":"scroll","background-type":"","background-media":"","overlay-type":"","overlay-color":"","overlay-opacity":"","overlay-gradient":""}},"ast-content-background-meta":{"desktop":{"background-color":"var(--ast-global-color-5)","background-image":"","background-repeat":"repeat","background-position":"center center","background-size":"auto","background-attachment":"scroll","background-type":"","background-media":"","overlay-type":"","overlay-color":"","overlay-opacity":"","overlay-gradient":""},"tablet":{"background-color":"var(--ast-global-color-5)","background-image":"","background-repeat":"repeat","background-position":"center center","background-size":"auto","background-attachment":"scroll","background-type":"","background-media":"","overlay-type":"","overlay-color":"","overlay-opacity":"","overlay-gradient":""},"mobile":{"background-color":"var(--ast-global-color-5)","background-image":"","background-repeat":"repeat","background-position":"center center","background-size":"auto","background-attachment":"scroll","background-type":"","background-media":"","overlay-type":"","overlay-color":"","overlay-opacity":"","overlay-gradient":""}}},"product_brand":[],"product_cat":[1433,1426,2676],"product_tag":[],"class_list":{"0":"post-26139","1":"product","2":"type-product","3":"status-publish","4":"has-post-thumbnail","6":"product_cat-cintrage-et-faconnage","7":"product_cat-filetage-assiste-filetage","8":"product_cat-ridgid","9":"desktop-align-center","10":"tablet-align-center","11":"mobile-align-center","12":"ast-product-gallery-layout-horizontal","13":"ast-product-gallery-with-no-image","14":"ast-product-tabs-layout-horizontal","16":"first","17":"instock","18":"sale","19":"taxable","20":"shipping-taxable","21":"purchasable","22":"product-type-simple"},"yoast_head":"<!-- This site is optimized with the Yoast SEO plugin v27.6 - https:\/\/yoast.com\/product\/yoast-seo-wordpress\/ -->\n<title>535M 220-240V 36 RPM 811 BSPT - ISO-CE inc.<\/title>\n<meta name=\"description\" content=\"Le mod\u00e8le 535A conserve son r\u00f4le du pilier de l&#039;efficacit\u00e9 de l&#039;industrie tout en additionnant des caract\u00e9ristiques qui rendent les travaux de filetage plus optimaux. Pour un travail \u00e0 long terme sans interruption, le 535A est l&#039;outil de pr\u00e9dilection gr\u00e2ce \u00e0 son grand bac \u00e0 copeaux et un r\u00e9servoir d&#039;huile. Con\u00e7ues pour offrir un temps d&#039;utilisation maximal.\" \/>\n<meta name=\"robots\" content=\"index, follow, max-snippet:-1, max-image-preview:large, max-video-preview:-1\" \/>\n<link rel=\"canonical\" href=\"https:\/\/www.iso-ce.com\/produit\/535m-230v-36-rpm-811-bspt-dh\/\" \/>\n<meta property=\"og:locale\" content=\"en_US\" \/>\n<meta property=\"og:type\" content=\"article\" \/>\n<meta property=\"og:title\" content=\"535M 220-240V 36 RPM 811 BSPT - ISO-CE inc.\" \/>\n<meta property=\"og:description\" content=\"Le mod\u00e8le 535A conserve son r\u00f4le du pilier de l&#039;efficacit\u00e9 de l&#039;industrie tout en additionnant des caract\u00e9ristiques qui rendent les travaux de filetage plus optimaux. Pour un travail \u00e0 long terme sans interruption, le 535A est l&#039;outil de pr\u00e9dilection gr\u00e2ce \u00e0 son grand bac \u00e0 copeaux et un r\u00e9servoir d&#039;huile. Con\u00e7ues pour offrir un temps d&#039;utilisation maximal.\" \/>\n<meta property=\"og:url\" content=\"https:\/\/www.iso-ce.com\/produit\/535m-230v-36-rpm-811-bspt-dh\/\" \/>\n<meta property=\"og:site_name\" content=\"ISO-CE inc.\" \/>\n<meta property=\"article:publisher\" content=\"https:\/\/www.facebook.com\/pages\/ISO-cE\/1600971703559642\/\" \/>\n<meta property=\"article:modified_time\" content=\"2024-12-03T14:14:14+00:00\" \/>\n<meta property=\"og:image\" content=\"https:\/\/www.iso-ce.com\/wp-content\/uploads\/2021\/03\/91142.jpg\" \/>\n\t<meta property=\"og:image:width\" content=\"1000\" \/>\n\t<meta property=\"og:image:height\" content=\"1000\" \/>\n\t<meta property=\"og:image:type\" content=\"image\/jpeg\" \/>\n<meta name=\"twitter:card\" content=\"summary_large_image\" \/>\n<meta name=\"twitter:label1\" content=\"Price\" \/>\n\t<meta name=\"twitter:data1\" content=\"10,792.88&#036;\" \/>\n\t<meta name=\"twitter:label2\" content=\"Availability\" \/>\n\t<meta name=\"twitter:data2\" content=\"In stock\" \/>\n<script type=\"application\/ld+json\" class=\"yoast-schema-graph\">{\"@context\":\"https:\\\/\\\/schema.org\",\"@graph\":[{\"@type\":\"WebPage\",\"@id\":\"https:\\\/\\\/www.iso-ce.com\\\/produit\\\/535m-230v-36-rpm-811-bspt-dh\\\/\",\"url\":\"https:\\\/\\\/www.iso-ce.com\\\/produit\\\/535m-230v-36-rpm-811-bspt-dh\\\/\",\"name\":\"535M 220-240V 36 RPM 811 BSPT - ISO-CE inc.\",\"isPartOf\":{\"@id\":\"https:\\\/\\\/www.iso-ce.com\\\/#website\"},\"primaryImageOfPage\":{\"@id\":\"https:\\\/\\\/www.iso-ce.com\\\/produit\\\/535m-230v-36-rpm-811-bspt-dh\\\/#primaryimage\"},\"image\":{\"@id\":\"https:\\\/\\\/www.iso-ce.com\\\/produit\\\/535m-230v-36-rpm-811-bspt-dh\\\/#primaryimage\"},\"thumbnailUrl\":\"https:\\\/\\\/www.iso-ce.com\\\/wp-content\\\/uploads\\\/2021\\\/03\\\/91142.jpg\",\"datePublished\":\"2021-05-03T13:11:04+00:00\",\"dateModified\":\"2024-12-03T14:14:14+00:00\",\"description\":\"Le mod\u00e8le 535A conserve son r\u00f4le du pilier de l'efficacit\u00e9 de l'industrie tout en additionnant des caract\u00e9ristiques qui rendent les travaux de filetage plus optimaux. Pour un travail \u00e0 long terme sans interruption, le 535A est l'outil de pr\u00e9dilection gr\u00e2ce \u00e0 son grand bac \u00e0 copeaux et un r\u00e9servoir d'huile. Con\u00e7ues pour offrir un temps d'utilisation maximal.\",\"breadcrumb\":{\"@id\":\"https:\\\/\\\/www.iso-ce.com\\\/produit\\\/535m-230v-36-rpm-811-bspt-dh\\\/#breadcrumb\"},\"inLanguage\":\"en-US\",\"potentialAction\":[{\"@type\":\"ReadAction\",\"target\":[\"https:\\\/\\\/www.iso-ce.com\\\/produit\\\/535m-230v-36-rpm-811-bspt-dh\\\/\"]}]},{\"@type\":\"ImageObject\",\"inLanguage\":\"en-US\",\"@id\":\"https:\\\/\\\/www.iso-ce.com\\\/produit\\\/535m-230v-36-rpm-811-bspt-dh\\\/#primaryimage\",\"url\":\"https:\\\/\\\/www.iso-ce.com\\\/wp-content\\\/uploads\\\/2021\\\/03\\\/91142.jpg\",\"contentUrl\":\"https:\\\/\\\/www.iso-ce.com\\\/wp-content\\\/uploads\\\/2021\\\/03\\\/91142.jpg\",\"width\":1000,\"height\":1000,\"caption\":\"Filetage assist\u00e9 RIDGID\"},{\"@type\":\"BreadcrumbList\",\"@id\":\"https:\\\/\\\/www.iso-ce.com\\\/produit\\\/535m-230v-36-rpm-811-bspt-dh\\\/#breadcrumb\",\"itemListElement\":[{\"@type\":\"ListItem\",\"position\":1,\"name\":\"Boutique RIDGID\",\"item\":\"https:\\\/\\\/www.iso-ce.com\\\/en\\\/home\\\/\"},{\"@type\":\"ListItem\",\"position\":2,\"name\":\"RIDGID Shop\",\"item\":\"https:\\\/\\\/www.iso-ce.com\\\/en\\\/shop-ridgid\\\/\"},{\"@type\":\"ListItem\",\"position\":3,\"name\":\"535M 220-240V 36 RPM 811 BSPT\"}]},{\"@type\":\"WebSite\",\"@id\":\"https:\\\/\\\/www.iso-ce.com\\\/#website\",\"url\":\"https:\\\/\\\/www.iso-ce.com\\\/\",\"name\":\"ISO-CE inc.\",\"description\":\"Outillages Professionnels\",\"publisher\":{\"@id\":\"https:\\\/\\\/www.iso-ce.com\\\/#organization\"},\"potentialAction\":[{\"@type\":\"SearchAction\",\"target\":{\"@type\":\"EntryPoint\",\"urlTemplate\":\"https:\\\/\\\/www.iso-ce.com\\\/?s={search_term_string}\"},\"query-input\":{\"@type\":\"PropertyValueSpecification\",\"valueRequired\":true,\"valueName\":\"search_term_string\"}}],\"inLanguage\":\"en-US\"},{\"@type\":\"Organization\",\"@id\":\"https:\\\/\\\/www.iso-ce.com\\\/#organization\",\"name\":\"ISO-CE inc.\",\"url\":\"https:\\\/\\\/www.iso-ce.com\\\/\",\"logo\":{\"@type\":\"ImageObject\",\"inLanguage\":\"en-US\",\"@id\":\"https:\\\/\\\/www.iso-ce.com\\\/#\\\/schema\\\/logo\\\/image\\\/\",\"url\":\"https:\\\/\\\/www.iso-ce.com\\\/wp-content\\\/uploads\\\/2022\\\/06\\\/ISO-CE-outils-et-equi-CM-FR.jpg\",\"contentUrl\":\"https:\\\/\\\/www.iso-ce.com\\\/wp-content\\\/uploads\\\/2022\\\/06\\\/ISO-CE-outils-et-equi-CM-FR.jpg\",\"width\":420,\"height\":420,\"caption\":\"ISO-CE inc.\"},\"image\":{\"@id\":\"https:\\\/\\\/www.iso-ce.com\\\/#\\\/schema\\\/logo\\\/image\\\/\"},\"sameAs\":[\"https:\\\/\\\/www.facebook.com\\\/pages\\\/ISO-cE\\\/1600971703559642\\\/\"]}]}<\/script>\n<meta property=\"product:price:amount\" content=\"10792.88\" \/>\n<meta property=\"product:price:currency\" content=\"CAD\" \/>\n<meta property=\"og:availability\" content=\"instock\" \/>\n<meta property=\"product:availability\" content=\"instock\" \/>\n<meta property=\"product:retailer_item_id\" content=\"96512\" \/>\n<meta property=\"product:condition\" content=\"new\" \/>\n<!-- \/ Yoast SEO plugin. -->","yoast_head_json":{"title":"535M 220-240V 36 RPM 811 BSPT - ISO-CE inc.","description":"Le mod\u00e8le 535A conserve son r\u00f4le du pilier de l'efficacit\u00e9 de l'industrie tout en additionnant des caract\u00e9ristiques qui rendent les travaux de filetage plus optimaux. Pour un travail \u00e0 long terme sans interruption, le 535A est l'outil de pr\u00e9dilection gr\u00e2ce \u00e0 son grand bac \u00e0 copeaux et un r\u00e9servoir d'huile. Con\u00e7ues pour offrir un temps d'utilisation maximal.","robots":{"index":"index","follow":"follow","max-snippet":"max-snippet:-1","max-image-preview":"max-image-preview:large","max-video-preview":"max-video-preview:-1"},"canonical":"https:\/\/www.iso-ce.com\/produit\/535m-230v-36-rpm-811-bspt-dh\/","og_locale":"en_US","og_type":"article","og_title":"535M 220-240V 36 RPM 811 BSPT - ISO-CE inc.","og_description":"Le mod\u00e8le 535A conserve son r\u00f4le du pilier de l'efficacit\u00e9 de l'industrie tout en additionnant des caract\u00e9ristiques qui rendent les travaux de filetage plus optimaux. Pour un travail \u00e0 long terme sans interruption, le 535A est l'outil de pr\u00e9dilection gr\u00e2ce \u00e0 son grand bac \u00e0 copeaux et un r\u00e9servoir d'huile. Con\u00e7ues pour offrir un temps d'utilisation maximal.","og_url":"https:\/\/www.iso-ce.com\/produit\/535m-230v-36-rpm-811-bspt-dh\/","og_site_name":"ISO-CE inc.","article_publisher":"https:\/\/www.facebook.com\/pages\/ISO-cE\/1600971703559642\/","article_modified_time":"2024-12-03T14:14:14+00:00","og_image":[{"width":1000,"height":1000,"url":"https:\/\/www.iso-ce.com\/wp-content\/uploads\/2021\/03\/91142.jpg","type":"image\/jpeg"}],"twitter_card":"summary_large_image","twitter_misc":{"Price":"10,792.88&#36;","Availability":"In stock"},"schema":{"@context":"https:\/\/schema.org","@graph":[{"@type":"WebPage","@id":"https:\/\/www.iso-ce.com\/produit\/535m-230v-36-rpm-811-bspt-dh\/","url":"https:\/\/www.iso-ce.com\/produit\/535m-230v-36-rpm-811-bspt-dh\/","name":"535M 220-240V 36 RPM 811 BSPT - ISO-CE inc.","isPartOf":{"@id":"https:\/\/www.iso-ce.com\/#website"},"primaryImageOfPage":{"@id":"https:\/\/www.iso-ce.com\/produit\/535m-230v-36-rpm-811-bspt-dh\/#primaryimage"},"image":{"@id":"https:\/\/www.iso-ce.com\/produit\/535m-230v-36-rpm-811-bspt-dh\/#primaryimage"},"thumbnailUrl":"https:\/\/www.iso-ce.com\/wp-content\/uploads\/2021\/03\/91142.jpg","datePublished":"2021-05-03T13:11:04+00:00","dateModified":"2024-12-03T14:14:14+00:00","description":"Le mod\u00e8le 535A conserve son r\u00f4le du pilier de l'efficacit\u00e9 de l'industrie tout en additionnant des caract\u00e9ristiques qui rendent les travaux de filetage plus optimaux. Pour un travail \u00e0 long terme sans interruption, le 535A est l'outil de pr\u00e9dilection gr\u00e2ce \u00e0 son grand bac \u00e0 copeaux et un r\u00e9servoir d'huile. Con\u00e7ues pour offrir un temps d'utilisation maximal.","breadcrumb":{"@id":"https:\/\/www.iso-ce.com\/produit\/535m-230v-36-rpm-811-bspt-dh\/#breadcrumb"},"inLanguage":"en-US","potentialAction":[{"@type":"ReadAction","target":["https:\/\/www.iso-ce.com\/produit\/535m-230v-36-rpm-811-bspt-dh\/"]}]},{"@type":"ImageObject","inLanguage":"en-US","@id":"https:\/\/www.iso-ce.com\/produit\/535m-230v-36-rpm-811-bspt-dh\/#primaryimage","url":"https:\/\/www.iso-ce.com\/wp-content\/uploads\/2021\/03\/91142.jpg","contentUrl":"https:\/\/www.iso-ce.com\/wp-content\/uploads\/2021\/03\/91142.jpg","width":1000,"height":1000,"caption":"Filetage assist\u00e9 RIDGID"},{"@type":"BreadcrumbList","@id":"https:\/\/www.iso-ce.com\/produit\/535m-230v-36-rpm-811-bspt-dh\/#breadcrumb","itemListElement":[{"@type":"ListItem","position":1,"name":"Boutique RIDGID","item":"https:\/\/www.iso-ce.com\/en\/home\/"},{"@type":"ListItem","position":2,"name":"RIDGID Shop","item":"https:\/\/www.iso-ce.com\/en\/shop-ridgid\/"},{"@type":"ListItem","position":3,"name":"535M 220-240V 36 RPM 811 BSPT"}]},{"@type":"WebSite","@id":"https:\/\/www.iso-ce.com\/#website","url":"https:\/\/www.iso-ce.com\/","name":"ISO-CE inc.","description":"Outillages Professionnels","publisher":{"@id":"https:\/\/www.iso-ce.com\/#organization"},"potentialAction":[{"@type":"SearchAction","target":{"@type":"EntryPoint","urlTemplate":"https:\/\/www.iso-ce.com\/?s={search_term_string}"},"query-input":{"@type":"PropertyValueSpecification","valueRequired":true,"valueName":"search_term_string"}}],"inLanguage":"en-US"},{"@type":"Organization","@id":"https:\/\/www.iso-ce.com\/#organization","name":"ISO-CE inc.","url":"https:\/\/www.iso-ce.com\/","logo":{"@type":"ImageObject","inLanguage":"en-US","@id":"https:\/\/www.iso-ce.com\/#\/schema\/logo\/image\/","url":"https:\/\/www.iso-ce.com\/wp-content\/uploads\/2022\/06\/ISO-CE-outils-et-equi-CM-FR.jpg","contentUrl":"https:\/\/www.iso-ce.com\/wp-content\/uploads\/2022\/06\/ISO-CE-outils-et-equi-CM-FR.jpg","width":420,"height":420,"caption":"ISO-CE inc."},"image":{"@id":"https:\/\/www.iso-ce.com\/#\/schema\/logo\/image\/"},"sameAs":["https:\/\/www.facebook.com\/pages\/ISO-cE\/1600971703559642\/"]}]},"product_price_amount":"10792.88","product_price_currency":"CAD","og_availability":"instock","product_availability":"instock","product_retailer_item_id":"96512","product_condition":"new"},"_links":{"self":[{"href":"https:\/\/www.iso-ce.com\/en\/wp-json\/wp\/v2\/product\/26139","targetHints":{"allow":["GET"]}}],"collection":[{"href":"https:\/\/www.iso-ce.com\/en\/wp-json\/wp\/v2\/product"}],"about":[{"href":"https:\/\/www.iso-ce.com\/en\/wp-json\/wp\/v2\/types\/product"}],"wp:featuredmedia":[{"embeddable":true,"href":"https:\/\/www.iso-ce.com\/en\/wp-json\/wp\/v2\/media\/15973"}],"wp:attachment":[{"href":"https:\/\/www.iso-ce.com\/en\/wp-json\/wp\/v2\/media?parent=26139"}],"wp:term":[{"taxonomy":"product_brand","embeddable":true,"href":"https:\/\/www.iso-ce.com\/en\/wp-json\/wp\/v2\/product_brand?post=26139"},{"taxonomy":"product_cat","embeddable":true,"href":"https:\/\/www.iso-ce.com\/en\/wp-json\/wp\/v2\/product_cat?post=26139"},{"taxonomy":"product_tag","embeddable":true,"href":"https:\/\/www.iso-ce.com\/en\/wp-json\/wp\/v2\/product_tag?post=26139"}],"curies":[{"name":"wp","href":"https:\/\/api.w.org\/{rel}","templated":true}]}}